{"id":1774,"date":"2025-04-17T18:04:58","date_gmt":"2025-04-17T18:04:58","guid":{"rendered":"https:\/\/terrake.fr\/?page_id=1774"},"modified":"2025-07-07T15:51:22","modified_gmt":"2025-07-07T15:51:22","slug":"les-soins-visage","status":"publish","type":"page","link":"https:\/\/terrake.fr\/en\/les-soins-visage\/","title":{"rendered":"FACE CARE"},"content":{"rendered":"<div data-elementor-type=\"wp-page\" data-elementor-id=\"1774\" class=\"elementor elementor-1774\" data-elementor-post-type=\"page\">\n\t\t\t\t<div class=\"elementor-element elementor-element-325b5bf elementor-hidden-tablet elementor-hidden-mobile e-flex e-con-boxed e-con e-parent\" data-id=\"325b5bf\" data-element_type=\"container\" data-e-type=\"container\" data-settings=\"{&quot;background_background&quot;:&quot;classic&quot;}\">\n\t\t\t\t\t<div class=\"e-con-inner\">\n\t\t\t\t\t<\/div>\n\t\t\t\t<\/div>\n\t\t<div class=\"elementor-element elementor-element-d9e8d30 elementor-hidden-desktop e-flex e-con-boxed e-con e-parent\" data-id=\"d9e8d30\" data-element_type=\"container\" data-e-type=\"container\" data-settings=\"{&quot;background_background&quot;:&quot;classic&quot;}\">\n\t\t\t\t\t<div class=\"e-con-inner\">\n\t\t\t\t\t<\/div>\n\t\t\t\t<\/div>\n\t\t<div class=\"elementor-element elementor-element-fa57a60 elementor-hidden-desktop e-flex e-con-boxed e-con e-parent\" data-id=\"fa57a60\" data-element_type=\"container\" data-e-type=\"container\">\n\t\t\t\t\t<div class=\"e-con-inner\">\n\t\t\t\t<div class=\"elementor-element elementor-element-db66e02 elementor-widget elementor-widget-spacer\" data-id=\"db66e02\" data-element_type=\"widget\" data-e-type=\"widget\" data-widget_type=\"spacer.default\">\n\t\t\t\t<div class=\"elementor-widget-container\">\n\t\t\t\t\t\t\t<div class=\"elementor-spacer\">\n\t\t\t<div class=\"elementor-spacer-inner\"><\/div>\n\t\t<\/div>\n\t\t\t\t\t\t<\/div>\n\t\t\t\t<\/div>\n\t\t\t\t\t<\/div>\n\t\t\t\t<\/div>\n\t\t<div class=\"elementor-element elementor-element-3523300 elementor-hidden-tablet elementor-hidden-mobile e-flex e-con-boxed e-con e-parent\" data-id=\"3523300\" data-element_type=\"container\" data-e-type=\"container\">\n\t\t\t\t\t<div class=\"e-con-inner\">\n\t\t\t\t<div class=\"elementor-element elementor-element-8ecbf50 elementor-widget elementor-widget-heading\" data-id=\"8ecbf50\" data-element_type=\"widget\" data-e-type=\"widget\" data-widget_type=\"heading.default\">\n\t\t\t\t<div class=\"elementor-widget-container\">\n\t\t\t\t\t<h1 class=\"elementor-heading-title elementor-size-default\">Terrak\u00e9 facial treatment protocols<\/h1>\t\t\t\t<\/div>\n\t\t\t\t<\/div>\n\t\t\t\t\t<\/div>\n\t\t\t\t<\/div>\n\t\t<div class=\"elementor-element elementor-element-81d3518 elementor-hidden-desktop e-flex e-con-boxed e-con e-parent\" data-id=\"81d3518\" data-element_type=\"container\" data-e-type=\"container\">\n\t\t\t\t\t<div class=\"e-con-inner\">\n\t\t\t\t<div class=\"elementor-element elementor-element-9dea876 elementor-widget elementor-widget-heading\" data-id=\"9dea876\" data-element_type=\"widget\" data-e-type=\"widget\" data-widget_type=\"heading.default\">\n\t\t\t\t<div class=\"elementor-widget-container\">\n\t\t\t\t\t<h1 class=\"elementor-heading-title elementor-size-default\">Terrak\u00e9 facial treatment protocols<\/h1>\t\t\t\t<\/div>\n\t\t\t\t<\/div>\n\t\t\t\t\t<\/div>\n\t\t\t\t<\/div>\n\t\t<div class=\"elementor-element elementor-element-ac7a06e e-grid e-con-boxed e-con e-parent\" data-id=\"ac7a06e\" data-element_type=\"container\" data-e-type=\"container\">\n\t\t\t\t\t<div class=\"e-con-inner\">\n\t\t<a class=\"elementor-element elementor-element-391b5b1 e-con-full e-flex e-con e-child\" data-id=\"391b5b1\" data-element_type=\"container\" data-e-type=\"container\" data-settings=\"{&quot;background_background&quot;:&quot;classic&quot;}\" href=\"\/en\/soin-detoxifiant\/\">\n\t\t\t\t<div class=\"elementor-element elementor-element-983ef5d elementor-widget elementor-widget-image\" data-id=\"983ef5d\" data-element_type=\"widget\" data-e-type=\"widget\" data-widget_type=\"image.default\">\n\t\t\t\t<div class=\"elementor-widget-container\">\n\t\t\t\t\t\t\t\t\t\t\t\t\t\t\t<img decoding=\"async\" src=\"https:\/\/terrake.fr\/wp-content\/uploads\/elementor\/thumbs\/37-e1746370447246-r5bhfdcflfhltzyaqkcjea35gmowwe4gyj75f3nvso.jpg\" title=\"37\" alt=\"Soin D\u00e9toxifiant\" loading=\"lazy\" \/>\t\t\t\t\t\t\t\t\t\t\t\t\t\t\t<\/div>\n\t\t\t\t<\/div>\n\t\t\t\t<div class=\"elementor-element elementor-element-6a508db elementor-widget elementor-widget-text-editor\" data-id=\"6a508db\" data-element_type=\"widget\" data-e-type=\"widget\" data-widget_type=\"text-editor.default\">\n\t\t\t\t<div class=\"elementor-widget-container\">\n\t\t\t\t\t\t\t\t\t<p style=\"text-align: center;\"><strong>Detoxifying Treatment<\/strong><\/p><p style=\"text-align: center;\">Soin Anti-pollution<br \/><i>60 min<\/i><\/p>\t\t\t\t\t\t\t\t<\/div>\n\t\t\t\t<\/div>\n\t\t\t\t<\/a>\n\t\t<a class=\"elementor-element elementor-element-bee9d63 e-con-full e-flex e-con e-child\" data-id=\"bee9d63\" data-element_type=\"container\" data-e-type=\"container\" data-settings=\"{&quot;background_background&quot;:&quot;classic&quot;}\" href=\"\/en\/soin-purifiant\/\">\n\t\t\t\t<div class=\"elementor-element elementor-element-f291a2e elementor-widget elementor-widget-image\" data-id=\"f291a2e\" data-element_type=\"widget\" data-e-type=\"widget\" data-widget_type=\"image.default\">\n\t\t\t\t<div class=\"elementor-widget-container\">\n\t\t\t\t\t\t\t\t\t\t\t\t\t\t\t<img decoding=\"async\" src=\"https:\/\/terrake.fr\/wp-content\/uploads\/elementor\/thumbs\/32-e1746370482128-r5bhg9ay1spcsqnvjy5ur20tnqbe63ncexdnqichx4.jpg\" title=\"32\" alt=\"Soin Purifiant\" loading=\"lazy\" \/>\t\t\t\t\t\t\t\t\t\t\t\t\t\t\t<\/div>\n\t\t\t\t<\/div>\n\t\t\t\t<div class=\"elementor-element elementor-element-8e34d78 elementor-widget elementor-widget-text-editor\" data-id=\"8e34d78\" data-element_type=\"widget\" data-e-type=\"widget\" data-widget_type=\"text-editor.default\">\n\t\t\t\t<div class=\"elementor-widget-container\">\n\t\t\t\t\t\t\t\t\t<p style=\"text-align: center;\"><strong>Purifying Treatment<\/strong><\/p><p style=\"text-align: center;\">Mattifying and Balancing Care<br \/><i>60 min<\/i><\/p>\t\t\t\t\t\t\t\t<\/div>\n\t\t\t\t<\/div>\n\t\t\t\t<\/a>\n\t\t<a class=\"elementor-element elementor-element-aa28405 e-con-full e-flex e-con e-child\" data-id=\"aa28405\" data-element_type=\"container\" data-e-type=\"container\" data-settings=\"{&quot;background_background&quot;:&quot;classic&quot;}\" href=\"\/en\/soin-regenerant-ultime\/\">\n\t\t\t\t<div class=\"elementor-element elementor-element-9add920 elementor-widget elementor-widget-image\" data-id=\"9add920\" data-element_type=\"widget\" data-e-type=\"widget\" data-widget_type=\"image.default\">\n\t\t\t\t<div class=\"elementor-widget-container\">\n\t\t\t\t\t\t\t\t\t\t\t\t\t\t\t<img decoding=\"async\" src=\"https:\/\/terrake.fr\/wp-content\/uploads\/elementor\/thumbs\/60-e1746370537669-r5bhhp02hoo4jaks62ic26z6bx8kxgcky19d4q7uew.jpg\" title=\"60\" alt=\"Soin R\u00e9g\u00e9n\u00e9rant Ultime\" loading=\"lazy\" \/>\t\t\t\t\t\t\t\t\t\t\t\t\t\t\t<\/div>\n\t\t\t\t<\/div>\n\t\t\t\t<div class=\"elementor-element elementor-element-17dfaed elementor-widget elementor-widget-text-editor\" data-id=\"17dfaed\" data-element_type=\"widget\" data-e-type=\"widget\" data-widget_type=\"text-editor.default\">\n\t\t\t\t<div class=\"elementor-widget-container\">\n\t\t\t\t\t\t\t\t\t<p style=\"text-align: center;\"><strong>Ultimate Regenerating Treatment<\/strong><\/p><p style=\"text-align: center;\">Plumping and lifting treatment<br \/><i>60 min<\/i><\/p>\t\t\t\t\t\t\t\t<\/div>\n\t\t\t\t<\/div>\n\t\t\t\t<\/a>\n\t\t<a class=\"elementor-element elementor-element-ebd0742 e-con-full e-flex e-con e-child\" data-id=\"ebd0742\" data-element_type=\"container\" data-e-type=\"container\" data-settings=\"{&quot;background_background&quot;:&quot;classic&quot;}\" href=\"\/en\/soin-anti-age-global\/\">\n\t\t\t\t<div class=\"elementor-element elementor-element-5b25ceb elementor-widget elementor-widget-image\" data-id=\"5b25ceb\" data-element_type=\"widget\" data-e-type=\"widget\" data-widget_type=\"image.default\">\n\t\t\t\t<div class=\"elementor-widget-container\">\n\t\t\t\t\t\t\t\t\t\t\t\t\t\t\t<img decoding=\"async\" src=\"https:\/\/terrake.fr\/wp-content\/uploads\/elementor\/thumbs\/60-e1746370537669-r5bhhp02hoo4jaks62ic26z6bx8kxgcky19d4q7uew.jpg\" title=\"60\" alt=\"Soin R\u00e9g\u00e9n\u00e9rant Ultime\" loading=\"lazy\" \/>\t\t\t\t\t\t\t\t\t\t\t\t\t\t\t<\/div>\n\t\t\t\t<\/div>\n\t\t\t\t<div class=\"elementor-element elementor-element-b6d5860 elementor-widget elementor-widget-text-editor\" data-id=\"b6d5860\" data-element_type=\"widget\" data-e-type=\"widget\" data-widget_type=\"text-editor.default\">\n\t\t\t\t<div class=\"elementor-widget-container\">\n\t\t\t\t\t\t\t\t\t<p style=\"text-align: center;\"><strong>Global anti-aging treatment<\/strong><\/p><p style=\"text-align: center;\">Global Anti-Aging<br \/><i>90 min <\/i><\/p>\t\t\t\t\t\t\t\t<\/div>\n\t\t\t\t<\/div>\n\t\t\t\t<\/a>\n\t\t<a class=\"elementor-element elementor-element-fc7bc00 e-con-full e-flex e-con e-child\" data-id=\"fc7bc00\" data-element_type=\"container\" data-e-type=\"container\" data-settings=\"{&quot;background_background&quot;:&quot;classic&quot;}\" href=\"\/en\/soin-hydratant\/\">\n\t\t\t\t<div class=\"elementor-element elementor-element-1cb45cb elementor-widget elementor-widget-image\" data-id=\"1cb45cb\" data-element_type=\"widget\" data-e-type=\"widget\" data-widget_type=\"image.default\">\n\t\t\t\t<div class=\"elementor-widget-container\">\n\t\t\t\t\t\t\t\t\t\t\t\t\t\t\t<img decoding=\"async\" src=\"https:\/\/terrake.fr\/wp-content\/uploads\/elementor\/thumbs\/36-e1746370571189-r5bhikyky1vvi1aczgbneywuj0v275vgeffvg4wgjc.jpg\" title=\"36\" alt=\"Soin Hydratant\" loading=\"lazy\" \/>\t\t\t\t\t\t\t\t\t\t\t\t\t\t\t<\/div>\n\t\t\t\t<\/div>\n\t\t\t\t<div class=\"elementor-element elementor-element-34285ca elementor-widget elementor-widget-text-editor\" data-id=\"34285ca\" data-element_type=\"widget\" data-e-type=\"widget\" data-widget_type=\"text-editor.default\">\n\t\t\t\t<div class=\"elementor-widget-container\">\n\t\t\t\t\t\t\t\t\t<p style=\"text-align: center;\"><strong>Moisturizing Treatment<\/strong><\/p><p style=\"text-align: center;\">Revitalizing Treatment<br \/><i>60 min<\/i><\/p>\t\t\t\t\t\t\t\t<\/div>\n\t\t\t\t<\/div>\n\t\t\t\t<\/a>\n\t\t<a class=\"elementor-element elementor-element-111c153 e-con-full e-flex e-con e-child\" data-id=\"111c153\" data-element_type=\"container\" data-e-type=\"container\" data-settings=\"{&quot;background_background&quot;:&quot;classic&quot;}\" href=\"\/en\/soin-elixir-du-regard\/\">\n\t\t\t\t<div class=\"elementor-element elementor-element-5394355 elementor-widget elementor-widget-image\" data-id=\"5394355\" data-element_type=\"widget\" data-e-type=\"widget\" data-widget_type=\"image.default\">\n\t\t\t\t<div class=\"elementor-widget-container\">\n\t\t\t\t\t\t\t\t\t\t\t\t\t\t\t<img decoding=\"async\" src=\"https:\/\/terrake.fr\/wp-content\/uploads\/elementor\/thumbs\/47-e1746370624434-r5bhjzpv73tcwz8mr29i5m3qltwvqtgyleo3d2t77c.png\" title=\"47\" alt=\"Soin Elixir de Regard\" loading=\"lazy\" \/>\t\t\t\t\t\t\t\t\t\t\t\t\t\t\t<\/div>\n\t\t\t\t<\/div>\n\t\t\t\t<div class=\"elementor-element elementor-element-6c15bac elementor-widget elementor-widget-text-editor\" data-id=\"6c15bac\" data-element_type=\"widget\" data-e-type=\"widget\" data-widget_type=\"text-editor.default\">\n\t\t\t\t<div class=\"elementor-widget-container\">\n\t\t\t\t\t\t\t\t\t<p style=\"text-align: center;\"><strong>Eye Elixir Treatment<\/strong><\/p><p style=\"text-align: center;\">Brightening, repairing, and anti-aging<br \/><i>30 min<\/i><\/p>\t\t\t\t\t\t\t\t<\/div>\n\t\t\t\t<\/div>\n\t\t\t\t<\/a>\n\t\t<a class=\"elementor-element elementor-element-9a0f515 e-con-full e-flex e-con e-child\" data-id=\"9a0f515\" data-element_type=\"container\" data-e-type=\"container\" data-settings=\"{&quot;background_background&quot;:&quot;classic&quot;}\" href=\"\/en\/soin-cure-express-anti-age\/\">\n\t\t\t\t<div class=\"elementor-element elementor-element-8d4a772 elementor-widget elementor-widget-image\" data-id=\"8d4a772\" data-element_type=\"widget\" data-e-type=\"widget\" data-widget_type=\"image.default\">\n\t\t\t\t<div class=\"elementor-widget-container\">\n\t\t\t\t\t\t\t\t\t\t\t\t\t\t\t<img decoding=\"async\" src=\"https:\/\/terrake.fr\/wp-content\/uploads\/elementor\/thumbs\/32-e1746370482128-r5bhg9ay1spcsqnvjy5ur20tnqbe63ncexdnqichx4.jpg\" title=\"32\" alt=\"Soin Purifiant\" loading=\"lazy\" \/>\t\t\t\t\t\t\t\t\t\t\t\t\t\t\t<\/div>\n\t\t\t\t<\/div>\n\t\t\t\t<div class=\"elementor-element elementor-element-7e5b6ae elementor-widget elementor-widget-text-editor\" data-id=\"7e5b6ae\" data-element_type=\"widget\" data-e-type=\"widget\" data-widget_type=\"text-editor.default\">\n\t\t\t\t<div class=\"elementor-widget-container\">\n\t\t\t\t\t\t\t\t\t<p style=\"text-align: center;\"><strong>Express anti-aging treatment<\/strong><\/p><p style=\"text-align: center;\">Express Facial Treatment<br \/><i>35 min<\/i><\/p>\t\t\t\t\t\t\t\t<\/div>\n\t\t\t\t<\/div>\n\t\t\t\t<\/a>\n\t\t\t\t\t<\/div>\n\t\t\t\t<\/div>\n\t\t<div class=\"elementor-element elementor-element-d380eee e-flex e-con-boxed e-con e-parent\" data-id=\"d380eee\" data-element_type=\"container\" data-e-type=\"container\">\n\t\t\t\t\t<div class=\"e-con-inner\">\n\t\t\t\t<div class=\"elementor-element elementor-element-b60aaee elementor-widget elementor-widget-spacer\" data-id=\"b60aaee\" data-element_type=\"widget\" data-e-type=\"widget\" data-widget_type=\"spacer.default\">\n\t\t\t\t<div class=\"elementor-widget-container\">\n\t\t\t\t\t\t\t<div class=\"elementor-spacer\">\n\t\t\t<div class=\"elementor-spacer-inner\"><\/div>\n\t\t<\/div>\n\t\t\t\t\t\t<\/div>\n\t\t\t\t<\/div>\n\t\t\t\t\t<\/div>\n\t\t\t\t<\/div>\n\t\t<div class=\"elementor-element elementor-element-24891a0 elementor-hidden-tablet elementor-hidden-mobile e-flex e-con-boxed e-con e-parent\" data-id=\"24891a0\" data-element_type=\"container\" data-e-type=\"container\" data-settings=\"{&quot;background_background&quot;:&quot;classic&quot;}\">\n\t\t\t\t\t<div class=\"e-con-inner\">\n\t\t<div class=\"elementor-element elementor-element-65e4543 e-grid e-con-full e-con e-child\" data-id=\"65e4543\" data-element_type=\"container\" data-e-type=\"container\">\n\t\t\t\t<div class=\"elementor-element elementor-element-6007d04 elementor-align-center elementor-widget elementor-widget-button\" data-id=\"6007d04\" data-element_type=\"widget\" data-e-type=\"widget\" data-widget_type=\"button.default\">\n\t\t\t\t<div class=\"elementor-widget-container\">\n\t\t\t\t\t\t\t\t\t<div class=\"elementor-button-wrapper\">\n\t\t\t\t\t<a class=\"elementor-button elementor-button-link elementor-size-sm elementor-animation-grow\" href=\"\/en\/spas\/nos-spas\/\">\n\t\t\t\t\t\t<span class=\"elementor-button-content-wrapper\">\n\t\t\t\t\t\t\t\t\t<span class=\"elementor-button-text\">FIND MY TERRAK\u00c9 SPA<\/span>\n\t\t\t\t\t<\/span>\n\t\t\t\t\t<\/a>\n\t\t\t\t<\/div>\n\t\t\t\t\t\t\t\t<\/div>\n\t\t\t\t<\/div>\n\t\t\t\t<\/div>\n\t\t\t\t\t<\/div>\n\t\t\t\t<\/div>\n\t\t<div class=\"elementor-element elementor-element-be1d148 elementor-hidden-desktop e-flex e-con-boxed e-con e-parent\" data-id=\"be1d148\" data-element_type=\"container\" data-e-type=\"container\" data-settings=\"{&quot;background_background&quot;:&quot;classic&quot;}\">\n\t\t\t\t\t<div class=\"e-con-inner\">\n\t\t<div class=\"elementor-element elementor-element-68caff2 e-grid e-con-full e-con e-child\" data-id=\"68caff2\" data-element_type=\"container\" data-e-type=\"container\">\n\t\t\t\t<div class=\"elementor-element elementor-element-3cb107d elementor-align-center elementor-widget elementor-widget-button\" data-id=\"3cb107d\" data-element_type=\"widget\" data-e-type=\"widget\" data-widget_type=\"button.default\">\n\t\t\t\t<div class=\"elementor-widget-container\">\n\t\t\t\t\t\t\t\t\t<div class=\"elementor-button-wrapper\">\n\t\t\t\t\t<a class=\"elementor-button elementor-button-link elementor-size-sm elementor-animation-grow\" href=\"\/en\/spas\/nos-spas\/\">\n\t\t\t\t\t\t<span class=\"elementor-button-content-wrapper\">\n\t\t\t\t\t\t\t\t\t<span class=\"elementor-button-text\">FIND MY TERRAK\u00c9 SPA<\/span>\n\t\t\t\t\t<\/span>\n\t\t\t\t\t<\/a>\n\t\t\t\t<\/div>\n\t\t\t\t\t\t\t\t<\/div>\n\t\t\t\t<\/div>\n\t\t\t\t<\/div>\n\t\t\t\t\t<\/div>\n\t\t\t\t<\/div>\n\t\t<div class=\"elementor-element elementor-element-14637e2 e-flex e-con-boxed e-con e-parent\" data-id=\"14637e2\" data-element_type=\"container\" data-e-type=\"container\">\n\t\t\t\t\t<div class=\"e-con-inner\">\n\t\t\t\t<div class=\"elementor-element elementor-element-ad32fbc elementor-widget elementor-widget-spacer\" data-id=\"ad32fbc\" data-element_type=\"widget\" data-e-type=\"widget\" data-widget_type=\"spacer.default\">\n\t\t\t\t<div class=\"elementor-widget-container\">\n\t\t\t\t\t\t\t<div class=\"elementor-spacer\">\n\t\t\t<div class=\"elementor-spacer-inner\"><\/div>\n\t\t<\/div>\n\t\t\t\t\t\t<\/div>\n\t\t\t\t<\/div>\n\t\t\t\t\t<\/div>\n\t\t\t\t<\/div>\n\t\t\t\t<\/div>","protected":false},"excerpt":{"rendered":"<p>les protocoles de soin visage terrak\u00e9 les protocoles de soin visage terrak\u00e9 Soin D\u00e9toxifiant Soin Anti-pollution60 min Soin Purifiant Soin Matifiant et \u00c9quilibrant60 min Soin R\u00e9g\u00e9n\u00e9rant Ultime Soin Repulpant et liftant60 min Soin anti-\u00e2ge global Anti-\u00c2ge Global90 min Soin Hydratant Soin Revitalisant60 min Soin Elixir du Regard Illuminateur, r\u00e9parateur et anti-\u00e2ge30 min Soin cure expresse [&hellip;]<\/p>\n","protected":false},"author":1,"featured_media":0,"parent":0,"menu_order":0,"comment_status":"closed","ping_status":"closed","template":"","meta":{"footnotes":"","_links_to":"","_links_to_target":""},"class_list":["post-1774","page","type-page","status-publish","hentry"],"blocksy_meta":[],"_links":{"self":[{"href":"https:\/\/terrake.fr\/en\/wp-json\/wp\/v2\/pages\/1774","targetHints":{"allow":["GET"]}}],"collection":[{"href":"https:\/\/terrake.fr\/en\/wp-json\/wp\/v2\/pages"}],"about":[{"href":"https:\/\/terrake.fr\/en\/wp-json\/wp\/v2\/types\/page"}],"author":[{"embeddable":true,"href":"https:\/\/terrake.fr\/en\/wp-json\/wp\/v2\/users\/1"}],"replies":[{"embeddable":true,"href":"https:\/\/terrake.fr\/en\/wp-json\/wp\/v2\/comments?post=1774"}],"version-history":[{"count":82,"href":"https:\/\/terrake.fr\/en\/wp-json\/wp\/v2\/pages\/1774\/revisions"}],"predecessor-version":[{"id":6926,"href":"https:\/\/terrake.fr\/en\/wp-json\/wp\/v2\/pages\/1774\/revisions\/6926"}],"wp:attachment":[{"href":"https:\/\/terrake.fr\/en\/wp-json\/wp\/v2\/media?parent=1774"}],"curies":[{"name":"wp","href":"https:\/\/api.w.org\/{rel}","templated":true}]}}