{"id":1790,"date":"2025-04-17T18:11:14","date_gmt":"2025-04-17T18:11:14","guid":{"rendered":"https:\/\/terrake.fr\/?page_id=1790"},"modified":"2025-07-07T15:56:44","modified_gmt":"2025-07-07T15:56:44","slug":"les-soins-corps","status":"publish","type":"page","link":"https:\/\/terrake.fr\/en\/les-soins-corps\/","title":{"rendered":"BODY CARE"},"content":{"rendered":"<div data-elementor-type=\"wp-page\" data-elementor-id=\"1790\" class=\"elementor elementor-1790\" data-elementor-post-type=\"page\">\n\t\t\t\t<div class=\"elementor-element elementor-element-a664f80 elementor-hidden-tablet elementor-hidden-mobile e-flex e-con-boxed e-con e-parent\" data-id=\"a664f80\" data-element_type=\"container\" data-e-type=\"container\" data-settings=\"{&quot;background_background&quot;:&quot;classic&quot;}\">\n\t\t\t\t\t<div class=\"e-con-inner\">\n\t\t\t\t\t<\/div>\n\t\t\t\t<\/div>\n\t\t<div class=\"elementor-element elementor-element-5766665 elementor-hidden-desktop e-flex e-con-boxed e-con e-parent\" data-id=\"5766665\" data-element_type=\"container\" data-e-type=\"container\" data-settings=\"{&quot;background_background&quot;:&quot;classic&quot;}\">\n\t\t\t\t\t<div class=\"e-con-inner\">\n\t\t\t\t\t<\/div>\n\t\t\t\t<\/div>\n\t\t<div class=\"elementor-element elementor-element-44bafad elementor-hidden-desktop e-flex e-con-boxed e-con e-parent\" data-id=\"44bafad\" data-element_type=\"container\" data-e-type=\"container\">\n\t\t\t\t\t<div class=\"e-con-inner\">\n\t\t\t\t<div class=\"elementor-element elementor-element-ddc9ae7 elementor-widget elementor-widget-spacer\" data-id=\"ddc9ae7\" data-element_type=\"widget\" data-e-type=\"widget\" data-widget_type=\"spacer.default\">\n\t\t\t\t<div class=\"elementor-widget-container\">\n\t\t\t\t\t\t\t<div class=\"elementor-spacer\">\n\t\t\t<div class=\"elementor-spacer-inner\"><\/div>\n\t\t<\/div>\n\t\t\t\t\t\t<\/div>\n\t\t\t\t<\/div>\n\t\t\t\t\t<\/div>\n\t\t\t\t<\/div>\n\t\t<div class=\"elementor-element elementor-element-707b652 elementor-hidden-tablet elementor-hidden-mobile e-flex e-con-boxed e-con e-parent\" data-id=\"707b652\" data-element_type=\"container\" data-e-type=\"container\">\n\t\t\t\t\t<div class=\"e-con-inner\">\n\t\t\t\t<div class=\"elementor-element elementor-element-bc2b005 elementor-widget elementor-widget-heading\" data-id=\"bc2b005\" data-element_type=\"widget\" data-e-type=\"widget\" data-widget_type=\"heading.default\">\n\t\t\t\t<div class=\"elementor-widget-container\">\n\t\t\t\t\t<h1 class=\"elementor-heading-title elementor-size-default\">Terrak\u00e9 body care protocols<\/h1>\t\t\t\t<\/div>\n\t\t\t\t<\/div>\n\t\t\t\t\t<\/div>\n\t\t\t\t<\/div>\n\t\t<div class=\"elementor-element elementor-element-33f582d elementor-hidden-desktop e-flex e-con-boxed e-con e-parent\" data-id=\"33f582d\" data-element_type=\"container\" data-e-type=\"container\">\n\t\t\t\t\t<div class=\"e-con-inner\">\n\t\t\t\t<div class=\"elementor-element elementor-element-8a5bb04 elementor-widget elementor-widget-heading\" data-id=\"8a5bb04\" data-element_type=\"widget\" data-e-type=\"widget\" data-widget_type=\"heading.default\">\n\t\t\t\t<div class=\"elementor-widget-container\">\n\t\t\t\t\t<h1 class=\"elementor-heading-title elementor-size-default\">Terrak\u00e9 body care protocols<\/h1>\t\t\t\t<\/div>\n\t\t\t\t<\/div>\n\t\t\t\t\t<\/div>\n\t\t\t\t<\/div>\n\t\t<div class=\"elementor-element elementor-element-50075c5 e-grid e-con-boxed e-con e-parent\" data-id=\"50075c5\" data-element_type=\"container\" data-e-type=\"container\">\n\t\t\t\t\t<div class=\"e-con-inner\">\n\t\t<a class=\"elementor-element elementor-element-d6c304e e-con-full e-flex e-con e-child\" data-id=\"d6c304e\" data-element_type=\"container\" data-e-type=\"container\" data-settings=\"{&quot;background_background&quot;:&quot;classic&quot;}\" href=\"\/en\/soin-eaux-premieres\/\">\n\t\t\t\t<div class=\"elementor-element elementor-element-0a228c9 elementor-widget elementor-widget-image\" data-id=\"0a228c9\" data-element_type=\"widget\" data-e-type=\"widget\" data-widget_type=\"image.default\">\n\t\t\t\t<div class=\"elementor-widget-container\">\n\t\t\t\t\t\t\t\t\t\t\t\t\t\t\t<img decoding=\"async\" src=\"https:\/\/terrake.fr\/wp-content\/uploads\/elementor\/thumbs\/ventre-2-r5b0xzs98j78ntv5n2p2d0lpdzdbr0gk1lah0rgvqw.jpg\" title=\"Massage ventre\" alt=\"Massage ventre\" loading=\"lazy\" \/>\t\t\t\t\t\t\t\t\t\t\t\t\t\t\t<\/div>\n\t\t\t\t<\/div>\n\t\t\t\t<div class=\"elementor-element elementor-element-4c27e29 elementor-widget elementor-widget-text-editor\" data-id=\"4c27e29\" data-element_type=\"widget\" data-e-type=\"widget\" data-widget_type=\"text-editor.default\">\n\t\t\t\t<div class=\"elementor-widget-container\">\n\t\t\t\t\t\t\t\t\t<p style=\"text-align: center;\"><strong>Treatment Eaux Premi\u00e8res<\/strong><\/p><p style=\"text-align: center;\">Draining and slimming massage<br \/><i>60 min<\/i><\/p>\t\t\t\t\t\t\t\t<\/div>\n\t\t\t\t<\/div>\n\t\t\t\t<\/a>\n\t\t<a class=\"elementor-element elementor-element-72e24c1 e-con-full e-flex e-con e-child\" data-id=\"72e24c1\" data-element_type=\"container\" data-e-type=\"container\" data-settings=\"{&quot;background_background&quot;:&quot;classic&quot;}\" href=\"\/en\/soin-terra-magica\/\">\n\t\t\t\t<div class=\"elementor-element elementor-element-d04421e elementor-widget elementor-widget-image\" data-id=\"d04421e\" data-element_type=\"widget\" data-e-type=\"widget\" data-widget_type=\"image.default\">\n\t\t\t\t<div class=\"elementor-widget-container\">\n\t\t\t\t\t\t\t\t\t\t\t\t\t\t\t<img decoding=\"async\" src=\"https:\/\/terrake.fr\/wp-content\/uploads\/elementor\/thumbs\/35-e1746347991283-r5b150muaytdexnvmlzphqsp6mr29lccocs3471z94.jpg\" title=\"Massage dos\" alt=\"Massage dos\" loading=\"lazy\" \/>\t\t\t\t\t\t\t\t\t\t\t\t\t\t\t<\/div>\n\t\t\t\t<\/div>\n\t\t\t\t<div class=\"elementor-element elementor-element-46a9364 elementor-widget elementor-widget-text-editor\" data-id=\"46a9364\" data-element_type=\"widget\" data-e-type=\"widget\" data-widget_type=\"text-editor.default\">\n\t\t\t\t<div class=\"elementor-widget-container\">\n\t\t\t\t\t\t\t\t\t<p style=\"text-align: center;\"><strong>Treatment Terra Magica<\/strong><\/p><p style=\"text-align: center;\">Muscle relaxation massage<br \/><i>60 et 90 min<\/i><\/p>\t\t\t\t\t\t\t\t<\/div>\n\t\t\t\t<\/div>\n\t\t\t\t<\/a>\n\t\t<a class=\"elementor-element elementor-element-d5437a4 e-con-full e-flex e-con e-child\" data-id=\"d5437a4\" data-element_type=\"container\" data-e-type=\"container\" data-settings=\"{&quot;background_background&quot;:&quot;classic&quot;}\" href=\"\/en\/soin-vegetal-luxuriant\/\">\n\t\t\t\t<div class=\"elementor-element elementor-element-a53cb57 elementor-widget elementor-widget-image\" data-id=\"a53cb57\" data-element_type=\"widget\" data-e-type=\"widget\" data-widget_type=\"image.default\">\n\t\t\t\t<div class=\"elementor-widget-container\">\n\t\t\t\t\t\t\t\t\t\t\t\t\t\t\t<img decoding=\"async\" src=\"https:\/\/terrake.fr\/wp-content\/uploads\/elementor\/thumbs\/gommage-e1746348024873-r5b15vnikhzu22etlheea0ywsci6blrhsmb3ybrzjs.jpg\" title=\"gommage\" alt=\"gommage\" loading=\"lazy\" \/>\t\t\t\t\t\t\t\t\t\t\t\t\t\t\t<\/div>\n\t\t\t\t<\/div>\n\t\t\t\t<div class=\"elementor-element elementor-element-56f42cf elementor-widget elementor-widget-text-editor\" data-id=\"56f42cf\" data-element_type=\"widget\" data-e-type=\"widget\" data-widget_type=\"text-editor.default\">\n\t\t\t\t<div class=\"elementor-widget-container\">\n\t\t\t\t\t\t\t\t\t<p style=\"text-align: center;\"><strong>Treatment V\u00e9g\u00e9tal Luxuriant<\/strong><\/p><p style=\"text-align: center;\">Exfoliating and repairing treatment<br \/><i>45 min<\/i><\/p>\t\t\t\t\t\t\t\t<\/div>\n\t\t\t\t<\/div>\n\t\t\t\t<\/a>\n\t\t<a class=\"elementor-element elementor-element-253e0d3 e-con-full e-flex e-con e-child\" data-id=\"253e0d3\" data-element_type=\"container\" data-e-type=\"container\" data-settings=\"{&quot;background_background&quot;:&quot;classic&quot;}\" href=\"\/en\/soin-dair-et-de-lumiere\/\">\n\t\t\t\t<div class=\"elementor-element elementor-element-50c9d60 elementor-widget elementor-widget-image\" data-id=\"50c9d60\" data-element_type=\"widget\" data-e-type=\"widget\" data-widget_type=\"image.default\">\n\t\t\t\t<div class=\"elementor-widget-container\">\n\t\t\t\t\t\t\t\t\t\t\t\t\t\t\t<img decoding=\"async\" src=\"https:\/\/terrake.fr\/wp-content\/uploads\/elementor\/thumbs\/50-e1746348054928-r5b16nuo9j2fqd9v0tl7ctuqlwn6qivfwhvocmm6d4.jpg\" title=\"Massage dos\" alt=\"Massage dos\" loading=\"lazy\" \/>\t\t\t\t\t\t\t\t\t\t\t\t\t\t\t<\/div>\n\t\t\t\t<\/div>\n\t\t\t\t<div class=\"elementor-element elementor-element-f83bcc3 elementor-widget elementor-widget-text-editor\" data-id=\"f83bcc3\" data-element_type=\"widget\" data-e-type=\"widget\" data-widget_type=\"text-editor.default\">\n\t\t\t\t<div class=\"elementor-widget-container\">\n\t\t\t\t\t\t\t\t\t<p style=\"text-align: center;\"><strong>Treatment D\u2019Air et de Lumi\u00e8re<\/strong><\/p><p style=\"text-align: center;\">Relaxing and soothing massage<br \/><i>60 et 90 min<\/i><\/p>\t\t\t\t\t\t\t\t<\/div>\n\t\t\t\t<\/div>\n\t\t\t\t<\/a>\n\t\t\t\t\t<\/div>\n\t\t\t\t<\/div>\n\t\t<div class=\"elementor-element elementor-element-33793d2 e-flex e-con-boxed e-con e-parent\" data-id=\"33793d2\" data-element_type=\"container\" data-e-type=\"container\">\n\t\t\t\t\t<div class=\"e-con-inner\">\n\t\t\t\t<div class=\"elementor-element elementor-element-f626e8b elementor-widget elementor-widget-spacer\" data-id=\"f626e8b\" data-element_type=\"widget\" data-e-type=\"widget\" data-widget_type=\"spacer.default\">\n\t\t\t\t<div class=\"elementor-widget-container\">\n\t\t\t\t\t\t\t<div class=\"elementor-spacer\">\n\t\t\t<div class=\"elementor-spacer-inner\"><\/div>\n\t\t<\/div>\n\t\t\t\t\t\t<\/div>\n\t\t\t\t<\/div>\n\t\t\t\t\t<\/div>\n\t\t\t\t<\/div>\n\t\t<div class=\"elementor-element elementor-element-cb53d07 elementor-hidden-tablet elementor-hidden-mobile e-flex e-con-boxed e-con e-parent\" data-id=\"cb53d07\" data-element_type=\"container\" data-e-type=\"container\" data-settings=\"{&quot;background_background&quot;:&quot;classic&quot;}\">\n\t\t\t\t\t<div class=\"e-con-inner\">\n\t\t<div class=\"elementor-element elementor-element-3160012 e-grid e-con-full e-con e-child\" data-id=\"3160012\" data-element_type=\"container\" data-e-type=\"container\">\n\t\t\t\t<div class=\"elementor-element elementor-element-3b03058 elementor-align-center elementor-widget elementor-widget-button\" data-id=\"3b03058\" data-element_type=\"widget\" data-e-type=\"widget\" data-widget_type=\"button.default\">\n\t\t\t\t<div class=\"elementor-widget-container\">\n\t\t\t\t\t\t\t\t\t<div class=\"elementor-button-wrapper\">\n\t\t\t\t\t<a class=\"elementor-button elementor-button-link elementor-size-sm elementor-animation-grow\" href=\"\/en\/spas\/nos-spas\/\">\n\t\t\t\t\t\t<span class=\"elementor-button-content-wrapper\">\n\t\t\t\t\t\t\t\t\t<span class=\"elementor-button-text\">FIND MY TERRAK\u00c9 SPA<\/span>\n\t\t\t\t\t<\/span>\n\t\t\t\t\t<\/a>\n\t\t\t\t<\/div>\n\t\t\t\t\t\t\t\t<\/div>\n\t\t\t\t<\/div>\n\t\t\t\t<\/div>\n\t\t\t\t\t<\/div>\n\t\t\t\t<\/div>\n\t\t<div class=\"elementor-element elementor-element-3e9c2c1 elementor-hidden-desktop e-flex e-con-boxed e-con e-parent\" data-id=\"3e9c2c1\" data-element_type=\"container\" data-e-type=\"container\" data-settings=\"{&quot;background_background&quot;:&quot;classic&quot;}\">\n\t\t\t\t\t<div class=\"e-con-inner\">\n\t\t<div class=\"elementor-element elementor-element-2db977f e-grid e-con-full e-con e-child\" data-id=\"2db977f\" data-element_type=\"container\" data-e-type=\"container\">\n\t\t\t\t<div class=\"elementor-element elementor-element-7c1acad elementor-align-center elementor-widget elementor-widget-button\" data-id=\"7c1acad\" data-element_type=\"widget\" data-e-type=\"widget\" data-widget_type=\"button.default\">\n\t\t\t\t<div class=\"elementor-widget-container\">\n\t\t\t\t\t\t\t\t\t<div class=\"elementor-button-wrapper\">\n\t\t\t\t\t<a class=\"elementor-button elementor-button-link elementor-size-sm elementor-animation-grow\" href=\"\/en\/spas\/nos-spas\/\">\n\t\t\t\t\t\t<span class=\"elementor-button-content-wrapper\">\n\t\t\t\t\t\t\t\t\t<span class=\"elementor-button-text\">FIND MY TERRAK\u00c9 SPA<\/span>\n\t\t\t\t\t<\/span>\n\t\t\t\t\t<\/a>\n\t\t\t\t<\/div>\n\t\t\t\t\t\t\t\t<\/div>\n\t\t\t\t<\/div>\n\t\t\t\t<\/div>\n\t\t\t\t\t<\/div>\n\t\t\t\t<\/div>\n\t\t<div class=\"elementor-element elementor-element-c6fc559 e-flex e-con-boxed e-con e-parent\" data-id=\"c6fc559\" data-element_type=\"container\" data-e-type=\"container\">\n\t\t\t\t\t<div class=\"e-con-inner\">\n\t\t\t\t<div class=\"elementor-element elementor-element-2f3806d elementor-widget elementor-widget-spacer\" data-id=\"2f3806d\" data-element_type=\"widget\" data-e-type=\"widget\" data-widget_type=\"spacer.default\">\n\t\t\t\t<div class=\"elementor-widget-container\">\n\t\t\t\t\t\t\t<div class=\"elementor-spacer\">\n\t\t\t<div class=\"elementor-spacer-inner\"><\/div>\n\t\t<\/div>\n\t\t\t\t\t\t<\/div>\n\t\t\t\t<\/div>\n\t\t\t\t\t<\/div>\n\t\t\t\t<\/div>\n\t\t\t\t<\/div>","protected":false},"excerpt":{"rendered":"<p>les protocoles de soin corps terrak\u00e9 les protocoles de soin corps terrak\u00e9 Soin Eaux Premi\u00e8res Massage drainant et amincissant60 min Soin Terra Magica Massage relaxant musculaire60 et 90 min Soin V\u00e9g\u00e9tal Luxuriant Soin exfoliant et r\u00e9parateur45 min Soin D\u2019Air et de Lumi\u00e8re Massage relaxant et apaisant60 et 90 min TROUVER MON SPA TERRAK\u00c9 TROUVER MON [&hellip;]<\/p>\n","protected":false},"author":1,"featured_media":0,"parent":0,"menu_order":0,"comment_status":"closed","ping_status":"closed","template":"","meta":{"footnotes":"","_links_to":"","_links_to_target":""},"class_list":["post-1790","page","type-page","status-publish","hentry"],"blocksy_meta":[],"_links":{"self":[{"href":"https:\/\/terrake.fr\/en\/wp-json\/wp\/v2\/pages\/1790","targetHints":{"allow":["GET"]}}],"collection":[{"href":"https:\/\/terrake.fr\/en\/wp-json\/wp\/v2\/pages"}],"about":[{"href":"https:\/\/terrake.fr\/en\/wp-json\/wp\/v2\/types\/page"}],"author":[{"embeddable":true,"href":"https:\/\/terrake.fr\/en\/wp-json\/wp\/v2\/users\/1"}],"replies":[{"embeddable":true,"href":"https:\/\/terrake.fr\/en\/wp-json\/wp\/v2\/comments?post=1790"}],"version-history":[{"count":58,"href":"https:\/\/terrake.fr\/en\/wp-json\/wp\/v2\/pages\/1790\/revisions"}],"predecessor-version":[{"id":6930,"href":"https:\/\/terrake.fr\/en\/wp-json\/wp\/v2\/pages\/1790\/revisions\/6930"}],"wp:attachment":[{"href":"https:\/\/terrake.fr\/en\/wp-json\/wp\/v2\/media?parent=1790"}],"curies":[{"name":"wp","href":"https:\/\/api.w.org\/{rel}","templated":true}]}}