{"id":2632,"date":"2025-05-03T19:00:20","date_gmt":"2025-05-03T19:00:20","guid":{"rendered":"https:\/\/terrake.fr\/?page_id=2632"},"modified":"2025-06-03T09:34:16","modified_gmt":"2025-06-03T09:34:16","slug":"cote-sante","status":"publish","type":"page","link":"https:\/\/terrake.fr\/en\/cote-sante\/","title":{"rendered":"C\u00f4t\u00e9 Sant\u00e9"},"content":{"rendered":"<div data-elementor-type=\"wp-page\" data-elementor-id=\"2632\" class=\"elementor elementor-2632\" data-elementor-post-type=\"page\">\n\t\t\t\t<div class=\"elementor-element elementor-element-e0143fe e-flex e-con-boxed e-con e-parent\" data-id=\"e0143fe\" data-element_type=\"container\" data-e-type=\"container\">\n\t\t\t\t\t<div class=\"e-con-inner\">\n\t\t\t\t<div class=\"elementor-element elementor-element-aafe6b3 elementor-widget elementor-widget-image\" data-id=\"aafe6b3\" data-element_type=\"widget\" data-e-type=\"widget\" data-widget_type=\"image.default\">\n\t\t\t\t<div class=\"elementor-widget-container\">\n\t\t\t\t\t\t\t\t\t\t\t\t\t\t\t<img fetchpriority=\"high\" decoding=\"async\" width=\"1024\" height=\"543\" src=\"https:\/\/terrake.fr\/wp-content\/uploads\/2025\/05\/cote-sante-logo-e1748943175438-1024x543.png\" class=\"attachment-large size-large wp-image-3240\" alt=\"\" srcset=\"https:\/\/terrake.fr\/wp-content\/uploads\/2025\/05\/cote-sante-logo-e1748943175438-1024x543.png 1024w, https:\/\/terrake.fr\/wp-content\/uploads\/2025\/05\/cote-sante-logo-e1748943175438-300x159.png 300w, https:\/\/terrake.fr\/wp-content\/uploads\/2025\/05\/cote-sante-logo-e1748943175438-768x407.png 768w, https:\/\/terrake.fr\/wp-content\/uploads\/2025\/05\/cote-sante-logo-e1748943175438-600x318.png 600w, https:\/\/terrake.fr\/wp-content\/uploads\/2025\/05\/cote-sante-logo-e1748943175438.png 1123w\" sizes=\"(max-width: 1024px) 100vw, 1024px\" \/>\t\t\t\t\t\t\t\t\t\t\t\t\t\t\t<\/div>\n\t\t\t\t<\/div>\n\t\t\t\t\t<\/div>\n\t\t\t\t<\/div>\n\t\t<div class=\"elementor-element elementor-element-520a4f7 e-flex e-con-boxed e-con e-parent\" data-id=\"520a4f7\" data-element_type=\"container\" data-e-type=\"container\">\n\t\t\t\t\t<div class=\"e-con-inner\">\n\t\t\t\t<div class=\"elementor-element elementor-element-99296e8 elementor-widget elementor-widget-image\" data-id=\"99296e8\" data-element_type=\"widget\" data-e-type=\"widget\" data-widget_type=\"image.default\">\n\t\t\t\t<div class=\"elementor-widget-container\">\n\t\t\t\t\t\t\t\t\t\t\t\t\t\t\t<img decoding=\"async\" width=\"1024\" height=\"673\" src=\"https:\/\/terrake.fr\/wp-content\/uploads\/2025\/05\/25_-_Cote_Sante_-_11022022_v8numj-1024x673.webp\" class=\"attachment-large size-large wp-image-2634\" alt=\"\" srcset=\"https:\/\/terrake.fr\/wp-content\/uploads\/2025\/05\/25_-_Cote_Sante_-_11022022_v8numj-1024x673.webp 1024w, https:\/\/terrake.fr\/wp-content\/uploads\/2025\/05\/25_-_Cote_Sante_-_11022022_v8numj-300x197.webp 300w, https:\/\/terrake.fr\/wp-content\/uploads\/2025\/05\/25_-_Cote_Sante_-_11022022_v8numj-768x505.webp 768w, https:\/\/terrake.fr\/wp-content\/uploads\/2025\/05\/25_-_Cote_Sante_-_11022022_v8numj-1536x1009.webp 1536w, https:\/\/terrake.fr\/wp-content\/uploads\/2025\/05\/25_-_Cote_Sante_-_11022022_v8numj-2048x1346.webp 2048w, https:\/\/terrake.fr\/wp-content\/uploads\/2025\/05\/25_-_Cote_Sante_-_11022022_v8numj-600x394.webp 600w\" sizes=\"(max-width: 1024px) 100vw, 1024px\" \/>\t\t\t\t\t\t\t\t\t\t\t\t\t\t\t<\/div>\n\t\t\t\t<\/div>\n\t\t\t\t\t<\/div>\n\t\t\t\t<\/div>\n\t\t<div class=\"elementor-element elementor-element-49ff893 e-flex e-con-boxed e-con e-parent\" data-id=\"49ff893\" data-element_type=\"container\" data-e-type=\"container\">\n\t\t\t\t\t<div class=\"e-con-inner\">\n\t\t\t\t<div class=\"elementor-element elementor-element-ff87b32 elementor-widget elementor-widget-spacer\" data-id=\"ff87b32\" data-element_type=\"widget\" data-e-type=\"widget\" data-widget_type=\"spacer.default\">\n\t\t\t\t<div class=\"elementor-widget-container\">\n\t\t\t\t\t\t\t<div class=\"elementor-spacer\">\n\t\t\t<div class=\"elementor-spacer-inner\"><\/div>\n\t\t<\/div>\n\t\t\t\t\t\t<\/div>\n\t\t\t\t<\/div>\n\t\t\t\t\t<\/div>\n\t\t\t\t<\/div>\n\t\t\t\t<\/div>","protected":false},"excerpt":{"rendered":"","protected":false},"author":1,"featured_media":0,"parent":0,"menu_order":0,"comment_status":"closed","ping_status":"closed","template":"","meta":{"footnotes":"","_links_to":"","_links_to_target":""},"class_list":["post-2632","page","type-page","status-publish","hentry"],"blocksy_meta":[],"_links":{"self":[{"href":"https:\/\/terrake.fr\/en\/wp-json\/wp\/v2\/pages\/2632","targetHints":{"allow":["GET"]}}],"collection":[{"href":"https:\/\/terrake.fr\/en\/wp-json\/wp\/v2\/pages"}],"about":[{"href":"https:\/\/terrake.fr\/en\/wp-json\/wp\/v2\/types\/page"}],"author":[{"embeddable":true,"href":"https:\/\/terrake.fr\/en\/wp-json\/wp\/v2\/users\/1"}],"replies":[{"embeddable":true,"href":"https:\/\/terrake.fr\/en\/wp-json\/wp\/v2\/comments?post=2632"}],"version-history":[{"count":10,"href":"https:\/\/terrake.fr\/en\/wp-json\/wp\/v2\/pages\/2632\/revisions"}],"predecessor-version":[{"id":5809,"href":"https:\/\/terrake.fr\/en\/wp-json\/wp\/v2\/pages\/2632\/revisions\/5809"}],"wp:attachment":[{"href":"https:\/\/terrake.fr\/en\/wp-json\/wp\/v2\/media?parent=2632"}],"curies":[{"name":"wp","href":"https:\/\/api.w.org\/{rel}","templated":true}]}}