{"id":3713,"date":"2025-05-19T14:26:44","date_gmt":"2025-05-19T14:26:44","guid":{"rendered":"https:\/\/terrake.fr\/?page_id=3713"},"modified":"2025-10-21T10:59:44","modified_gmt":"2025-10-21T10:59:44","slug":"roll-on-visage","status":"publish","type":"page","link":"https:\/\/terrake.fr\/en\/roll-on-visage\/","title":{"rendered":"Lifting Roll-on"},"content":{"rendered":"\t\t<div data-elementor-type=\"wp-page\" data-elementor-id=\"3713\" class=\"elementor elementor-3713\" data-elementor-post-type=\"page\">\n\t\t\t\t<div class=\"elementor-element elementor-element-080c516 e-flex e-con-boxed e-con e-parent\" data-id=\"080c516\" data-element_type=\"container\" data-e-type=\"container\">\n\t\t\t\t\t<div class=\"e-con-inner\">\n\t\t\t\t<div class=\"elementor-element elementor-element-7d517b2 elementor-widget elementor-widget-spacer\" data-id=\"7d517b2\" data-element_type=\"widget\" data-e-type=\"widget\" data-widget_type=\"spacer.default\">\n\t\t\t\t<div class=\"elementor-widget-container\">\n\t\t\t\t\t\t\t<div class=\"elementor-spacer\">\n\t\t\t<div class=\"elementor-spacer-inner\"><\/div>\n\t\t<\/div>\n\t\t\t\t\t\t<\/div>\n\t\t\t\t<\/div>\n\t\t\t\t\t<\/div>\n\t\t\t\t<\/div>\n\t\t<div class=\"elementor-element elementor-element-3c1cffd e-flex e-con-boxed e-con e-parent\" data-id=\"3c1cffd\" data-element_type=\"container\" data-e-type=\"container\">\n\t\t\t\t\t<div class=\"e-con-inner\">\n\t\t\t\t<div class=\"elementor-element elementor-element-e34760e elementor-widget elementor-widget-shortcode\" data-id=\"e34760e\" data-element_type=\"widget\" data-e-type=\"widget\" data-widget_type=\"shortcode.default\">\n\t\t\t\t<div class=\"elementor-widget-container\">\n\t\t\t\t\t\t\t<div class=\"elementor-shortcode\"><div class=\"woocommerce\">\t\t\t<div class=\"single-product\" data-product-page-preselected-id=\"0\">\n\t\t\t\t<div class=\"woocommerce-notices-wrapper\"><\/div><div id=\"product-1601\" class=\"product type-product post-1601 status-publish first instock product_cat-anti-age-global-regenerer-lifter product_cat-preoccupations-visage product_cat-tous-les-produits has-post-thumbnail taxable shipping-taxable purchasable product-type-simple ct-default-gallery ct-ajax-add-to-cart sticky-summary\">\n\n\t<div class=\"product-entry-wrapper is-width-constrained\">\n<div class=\"woo-product-gallery-slider woocommerce-product-gallery wpgs--with-images images\"  >\n\n\t\t<div class=\"wpgs-for\"><div class=\"woocommerce-product-gallery__image single-product-main-image\"><a class=\"wpgs-lightbox-icon\" data-caption=\"Roll-on Visage-terrak\u00e9\" data-fancybox=\"wpgs-lightbox\"  href=\"https:\/\/terrake.fr\/wp-content\/uploads\/2025\/04\/Roll-on-Visage-terrake-scaled.webp\"     data-mobile=[\"clickContent:close\",\"clickSlide:close\"] \tdata-click-slide=\"close\" \tdata-animation-effect=\"fade\" \tdata-loop=\"true\"     data-infobar=\"true\"     data-hash=\"false\" ><img fetchpriority=\"high\" decoding=\"async\" width=\"600\" height=\"600\" src=\"https:\/\/terrake.fr\/wp-content\/uploads\/2025\/04\/Roll-on-Visage-terrake-600x600.webp\" class=\"woocommerce-product-gallery__image attachment-shop_single size-shop_single wp-post-image\" alt=\"Roll-on Visage-terrak\u00e9\" data-zoom_src=\"https:\/\/terrake.fr\/wp-content\/uploads\/2025\/04\/Roll-on-Visage-terrake-scaled.webp\" data-large_image=\"https:\/\/terrake.fr\/wp-content\/uploads\/2025\/04\/Roll-on-Visage-terrake-scaled.webp\" data-o_img=\"https:\/\/terrake.fr\/wp-content\/uploads\/2025\/04\/Roll-on-Visage-terrake-600x600.webp\" data-zoom-image=\"https:\/\/terrake.fr\/wp-content\/uploads\/2025\/04\/Roll-on-Visage-terrake-1024x1024.webp\" srcset=\"https:\/\/terrake.fr\/wp-content\/uploads\/2025\/04\/Roll-on-Visage-terrake-600x600.webp 600w, https:\/\/terrake.fr\/wp-content\/uploads\/2025\/04\/Roll-on-Visage-terrake-300x300.webp 300w, https:\/\/terrake.fr\/wp-content\/uploads\/2025\/04\/Roll-on-Visage-terrake-1024x1024.webp 1024w, https:\/\/terrake.fr\/wp-content\/uploads\/2025\/04\/Roll-on-Visage-terrake-150x150.webp 150w, https:\/\/terrake.fr\/wp-content\/uploads\/2025\/04\/Roll-on-Visage-terrake-768x768.webp 768w, https:\/\/terrake.fr\/wp-content\/uploads\/2025\/04\/Roll-on-Visage-terrake-1536x1536.webp 1536w, https:\/\/terrake.fr\/wp-content\/uploads\/2025\/04\/Roll-on-Visage-terrake-2048x2048.webp 2048w, https:\/\/terrake.fr\/wp-content\/uploads\/2025\/04\/Roll-on-Visage-terrake-12x12.webp 12w, https:\/\/terrake.fr\/wp-content\/uploads\/2025\/04\/Roll-on-Visage-terrake-100x100.webp 100w\" sizes=\"(max-width: 600px) 100vw, 600px\" \/><\/a><\/div><\/div>\n<\/div>\n\n\t<div  class=\"summary entry-summary entry-summary-items\">\n\t\t<h1 class=\"product_title entry-title\">Roll-on Visage<\/h1><p class=\"price\"><span class=\"woocommerce-Price-amount amount\"><bdi>42.00&nbsp;<span class=\"woocommerce-Price-currencySymbol\">&euro;<\/span><\/bdi><\/span><\/p>\n<div class=\"woocommerce-product-details__short-description\">\n\t<p>Le roll-on visage TERRAK\u00c9 est un outil de massage qui s\u2019utilise le matin comme le soir sur une peau propre. Cet outil peut se pratiquer sur le visage \u00e0 sec ou bien apr\u00e8s l\u2019application d\u2019un s\u00e9rum ou d\u2019une lotion sur la peau afin de faciliter son absorption et de d\u00e9cupler ses effets.<\/p>\n<\/div>\n\n\t\n\t<form class=\"cart\" action=\"\" method=\"post\" enctype='multipart\/form-data'>\n\t\t\n\t\t\t<div class=\"quantity\" data-type=\"type-2\">\n\t\t<label class=\"screen-reader-text\" for=\"smntcswcb\">Quantity<\/label>\n\n\t\t\t\t\t\t\t\t\t<input class=\"minus button wp-element-button\" type=\"button\" value=\"-\">\n\t\t\t\t\t\n\t\t<input type=\"number\"\n\t\t\tid=\"smntcswcb\" step=\"1\"\n\t\t\tmin=\"1\"\n\t\t\t\t\t\tname=\"quantity\"\n\t\t\tvalue=\"1\"\n\t\t\ttitle=\"Qty\"\n\t\t\tclass=\"input-text qty text\"\n\t\t\tinputmode=\"numeric\" \/>\n\n\t\t\t\t\t\t\t\t\t<input class=\"plus button wp-element-button\" type=\"button\" value=\"+\">\n\t\t\t\t\t\n\t<\/div>\n\t\n\t\t<button type=\"submit\" name=\"add-to-cart\" value=\"1601\" class=\"single_add_to_cart_button button alt\">Add to cart<\/button>\n\n\t\t\t<\/form>\n\n\t\t\t<div id=\"wc-stripe-express-checkout-element\" style=\"margin-top: 1em;clear:both;display:none;\">\n\t\t\t<!-- A Stripe Element will be inserted here. -->\n\t\t<\/div>\n\t\t<wc-order-attribution-inputs id=\"wc-stripe-express-checkout__order-attribution-inputs\"><\/wc-order-attribution-inputs>\n<div class=\"product_meta\">\n\n\t\n\t\n\t<span class=\"posted_in\">Categories: <a href=\"https:\/\/terrake.fr\/en\/product-category\/tous-les-produits\/preoccupations-visage\/anti-age-global-regenerer-lifter\/\" rel=\"tag\">Anti-\u00e2ge global : r\u00e9g\u00e9n\u00e9rer, lifter<\/a>, <a href=\"https:\/\/terrake.fr\/en\/product-category\/tous-les-produits\/preoccupations-visage\/\" rel=\"tag\">PR\u00c9OCCUPATIONS VISAGE<\/a>, <a href=\"https:\/\/terrake.fr\/en\/product-category\/tous-les-produits\/\" rel=\"tag\">TOUS LES PRODUITS<\/a><\/span>\n\t\n\t\n<\/div>\n\t<\/div>\n\n\t<\/div>\n\t<div class=\"woocommerce-tabs wc-tabs-wrapper\">\n\t\t<ul class=\"tabs wc-tabs\" role=\"tablist\">\n\t\t\t\t\t\t\t<li role=\"presentation\" class=\"reviews_tab\" id=\"tab-title-reviews\">\n\t\t\t\t\t<a href=\"#tab-reviews\" role=\"tab\" aria-controls=\"tab-reviews\">\n\t\t\t\t\t\tReviews (0)\t\t\t\t\t<\/a>\n\t\t\t\t<\/li>\n\t\t\t\t\t<\/ul>\n\t\t<article>\n\t\t\t\t\t\n\t\t\t<div class=\"woocommerce-Tabs-panel woocommerce-Tabs-panel--reviews panel entry-content wc-tab is-layout-constrained\" id=\"tab-reviews\" role=\"tabpanel\" aria-labelledby=\"tab-title-reviews\">\n\t\t\t\t<div id=\"reviews\" class=\"woocommerce-Reviews\">\n\t<div id=\"comments\">\n\t\t<h2 class=\"woocommerce-Reviews-title\">\n\t\t\tReviews\t\t<\/h2>\n\n\t\t\t\t\t<p class=\"woocommerce-noreviews\">There are no reviews yet.<\/p>\n\t\t\t<\/div>\n\n\t\t\t<div id=\"review_form_wrapper\">\n\t\t\t<div id=\"review_form\">\n\t\t\t\t\t<div id=\"respond\" class=\"comment-respond\">\n\t\t<span id=\"reply-title\" class=\"comment-reply-title\" role=\"heading\" aria-level=\"3\">Be the first to review &ldquo;Roll-on Visage&rdquo;<span class=\"ct-cancel-reply\"><a rel=\"nofollow\" id=\"cancel-comment-reply-link\" href=\"\/en\/wp-json\/wp\/v2\/pages\/3713#respond\" style=\"display:none;\">Cancel Reply<\/a><\/span><\/span><form action=\"https:\/\/terrake.fr\/wp-comments-post.php\" method=\"post\" id=\"commentform\" class=\"comment-form  has-labels-outside\"><p class=\"comment-notes\"><span id=\"email-notes\">Your email address will not be published.<\/span> <span class=\"required-field-message\">Required fields are marked <span class=\"required\">*<\/span><\/span><\/p><div class=\"comment-form-rating\"><label for=\"rating\" id=\"comment-form-rating-label\">Your rating&nbsp;<span class=\"required\">*<\/span><\/label><select name=\"rating\" id=\"rating\" required>\n\t\t\t\t\t\t<option value=\"\">Rate&hellip;<\/option>\n\t\t\t\t\t\t<option value=\"5\">Perfect<\/option>\n\t\t\t\t\t\t<option value=\"4\">Good<\/option>\n\t\t\t\t\t\t<option value=\"3\">Average<\/option>\n\t\t\t\t\t\t<option value=\"2\">Not that bad<\/option>\n\t\t\t\t\t\t<option value=\"1\">Very poor<\/option>\n\t\t\t\t\t<\/select><\/div><p class=\"comment-form-field-input-author\"><label for=\"author\">Name<span class=\"required\">&nbsp;*<\/span><\/label><input id=\"author\" name=\"author\" type=\"text\" value=\"\" size=\"30\" required='required'><\/p><p class=\"comment-form-field-input-email\"><label for=\"email\">Email<span class=\"required\">&nbsp;*<\/span><\/label><input id=\"email\" name=\"email\" type=\"email\" value=\"\" size=\"30\" required='required'><\/p><p class=\"comment-form-field-textarea\"><label for=\"comment\">Your review&nbsp;<span class=\"required\">*<\/span><\/label><textarea id=\"comment\" name=\"comment\" cols=\"45\" rows=\"8\" required><\/textarea><\/p><p class=\"form-submit\"><button name=\"submit\" type=\"submit\" id=\"submit\" class=\"submit\" value=\"Submit\">Submit<\/button> <input type='hidden' name='comment_post_ID' value='1601' id='comment_post_ID' \/>\n<input type='hidden' name='comment_parent' id='comment_parent' value='0' \/>\n<\/p><\/form>\t<\/div><!-- #respond -->\n\t\t\t\t<\/div>\n\t\t<\/div>\n\t\n\t<div class=\"clear\"><\/div>\n<\/div>\n\t\t\t<\/div>\n\t\t\t\t<\/article>\n\n\t\t\t<\/div>\n\n<\/div>\n\n\t\t\t<\/div>\n\t\t\t<\/div><\/div>\n\t\t\t\t\t\t<\/div>\n\t\t\t\t<\/div>\n\t\t\t\t\t<\/div>\n\t\t\t\t<\/div>\n\t\t<div class=\"elementor-element elementor-element-0428cdb e-flex e-con-boxed e-con e-parent\" data-id=\"0428cdb\" data-element_type=\"container\" data-e-type=\"container\">\n\t\t\t\t\t<div class=\"e-con-inner\">\n\t\t\t\t<div class=\"elementor-element elementor-element-8399b07 elementor-widget elementor-widget-spacer\" data-id=\"8399b07\" data-element_type=\"widget\" data-e-type=\"widget\" data-widget_type=\"spacer.default\">\n\t\t\t\t<div class=\"elementor-widget-container\">\n\t\t\t\t\t\t\t<div class=\"elementor-spacer\">\n\t\t\t<div class=\"elementor-spacer-inner\"><\/div>\n\t\t<\/div>\n\t\t\t\t\t\t<\/div>\n\t\t\t\t<\/div>\n\t\t\t\t\t<\/div>\n\t\t\t\t<\/div>\n\t\t<div class=\"elementor-element elementor-element-e7b4e5a e-grid e-con-full elementor-hidden-tablet elementor-hidden-mobile e-con e-parent\" data-id=\"e7b4e5a\" data-element_type=\"container\" data-e-type=\"container\">\n\t\t\t\t<div class=\"elementor-element elementor-element-41b777f elementor-widget elementor-widget-image\" data-id=\"41b777f\" data-element_type=\"widget\" data-e-type=\"widget\" data-widget_type=\"image.default\">\n\t\t\t\t<div class=\"elementor-widget-container\">\n\t\t\t\t\t\t\t\t\t\t\t\t\t\t\t<img decoding=\"async\" width=\"683\" height=\"1024\" src=\"https:\/\/terrake.fr\/wp-content\/uploads\/2025\/07\/2025-02-11-TERRAKE_Y2A3698-1-683x1024.jpg\" class=\"attachment-large size-large wp-image-7429\" alt=\"\" srcset=\"https:\/\/terrake.fr\/wp-content\/uploads\/2025\/07\/2025-02-11-TERRAKE_Y2A3698-1-683x1024.jpg 683w, https:\/\/terrake.fr\/wp-content\/uploads\/2025\/07\/2025-02-11-TERRAKE_Y2A3698-1-200x300.jpg 200w, https:\/\/terrake.fr\/wp-content\/uploads\/2025\/07\/2025-02-11-TERRAKE_Y2A3698-1-768x1152.jpg 768w, https:\/\/terrake.fr\/wp-content\/uploads\/2025\/07\/2025-02-11-TERRAKE_Y2A3698-1-1024x1536.jpg 1024w, https:\/\/terrake.fr\/wp-content\/uploads\/2025\/07\/2025-02-11-TERRAKE_Y2A3698-1-1365x2048.jpg 1365w, https:\/\/terrake.fr\/wp-content\/uploads\/2025\/07\/2025-02-11-TERRAKE_Y2A3698-1-300x450.jpg 300w, https:\/\/terrake.fr\/wp-content\/uploads\/2025\/07\/2025-02-11-TERRAKE_Y2A3698-1-600x900.jpg 600w, https:\/\/terrake.fr\/wp-content\/uploads\/2025\/07\/2025-02-11-TERRAKE_Y2A3698-1-scaled.jpg 1707w\" sizes=\"(max-width: 683px) 100vw, 683px\" \/>\t\t\t\t\t\t\t\t\t\t\t\t\t\t\t<\/div>\n\t\t\t\t<\/div>\n\t\t<div class=\"elementor-element elementor-element-4c8093d e-grid e-con-full e-con e-child\" data-id=\"4c8093d\" data-element_type=\"container\" data-e-type=\"container\">\n\t\t\t\t<div class=\"elementor-element elementor-element-ddb26da elementor-widget__width-initial elementor-widget elementor-widget-text-editor\" data-id=\"ddb26da\" data-element_type=\"widget\" data-e-type=\"widget\" data-widget_type=\"text-editor.default\">\n\t\t\t\t<div class=\"elementor-widget-container\">\n\t\t\t\t\t\t\t\t\t<p style=\"text-align: center;\">Rituel d&rsquo;utilisation<\/p>\t\t\t\t\t\t\t\t<\/div>\n\t\t\t\t<\/div>\n\t\t\t\t<div class=\"elementor-element elementor-element-afb3107 elementor-widget elementor-widget-text-editor\" data-id=\"afb3107\" data-element_type=\"widget\" data-e-type=\"widget\" data-widget_type=\"text-editor.default\">\n\t\t\t\t<div class=\"elementor-widget-container\">\n\t\t\t\t\t\t\t\t\t<p>Appliquer le roll-on sur le visage, le cou ou le d\u00e9collet\u00e9 puis effectuer de l\u00e9gers lissages de l\u2019int\u00e9rieur du visage\/cou\/d\u00e9collet\u00e9, vers l\u2019ext\u00e9rieur. Ces mouvements r\u00e9p\u00e9t\u00e9s vont permettre de d\u00e9tendre les muscles du visage et de stimuler la microcirculation pour une meilleure oxyg\u00e9nation des cellules cutan\u00e9es. Veillez \u00e0 bien nettoyer le roll-on avant et apr\u00e8s chaque utilisation au savon et \u00e0 l\u2019eau claire. Pour des r\u00e9sultats visibles et durables nous vous conseillons d\u2019utiliser ce roll-on tous les jours ou tous les deux jours au moins une fois par jour. Chaque man\u0153uvre est \u00e0 r\u00e9aliser 3 \u00e0 5 fois.<\/p>\t\t\t\t\t\t\t\t<\/div>\n\t\t\t\t<\/div>\n\t\t\t\t<\/div>\n\t\t\t\t<\/div>\n\t\t<div class=\"elementor-element elementor-element-5c0836e e-grid e-con-full elementor-hidden-desktop e-con e-parent\" data-id=\"5c0836e\" data-element_type=\"container\" data-e-type=\"container\">\n\t\t\t\t<div class=\"elementor-element elementor-element-81d3cd7 elementor-widget elementor-widget-image\" data-id=\"81d3cd7\" data-element_type=\"widget\" data-e-type=\"widget\" data-widget_type=\"image.default\">\n\t\t\t\t<div class=\"elementor-widget-container\">\n\t\t\t\t\t\t\t\t\t\t\t\t\t\t\t<img decoding=\"async\" width=\"683\" height=\"1024\" src=\"https:\/\/terrake.fr\/wp-content\/uploads\/2025\/07\/2025-02-11-TERRAKE_Y2A3698-1-683x1024.jpg\" class=\"attachment-large size-large wp-image-7429\" alt=\"\" srcset=\"https:\/\/terrake.fr\/wp-content\/uploads\/2025\/07\/2025-02-11-TERRAKE_Y2A3698-1-683x1024.jpg 683w, https:\/\/terrake.fr\/wp-content\/uploads\/2025\/07\/2025-02-11-TERRAKE_Y2A3698-1-200x300.jpg 200w, https:\/\/terrake.fr\/wp-content\/uploads\/2025\/07\/2025-02-11-TERRAKE_Y2A3698-1-768x1152.jpg 768w, https:\/\/terrake.fr\/wp-content\/uploads\/2025\/07\/2025-02-11-TERRAKE_Y2A3698-1-1024x1536.jpg 1024w, https:\/\/terrake.fr\/wp-content\/uploads\/2025\/07\/2025-02-11-TERRAKE_Y2A3698-1-1365x2048.jpg 1365w, https:\/\/terrake.fr\/wp-content\/uploads\/2025\/07\/2025-02-11-TERRAKE_Y2A3698-1-300x450.jpg 300w, https:\/\/terrake.fr\/wp-content\/uploads\/2025\/07\/2025-02-11-TERRAKE_Y2A3698-1-600x900.jpg 600w, https:\/\/terrake.fr\/wp-content\/uploads\/2025\/07\/2025-02-11-TERRAKE_Y2A3698-1-scaled.jpg 1707w\" sizes=\"(max-width: 683px) 100vw, 683px\" \/>\t\t\t\t\t\t\t\t\t\t\t\t\t\t\t<\/div>\n\t\t\t\t<\/div>\n\t\t\t\t<div class=\"elementor-element elementor-element-3726498 elementor-widget elementor-widget-image\" data-id=\"3726498\" data-element_type=\"widget\" data-e-type=\"widget\" data-widget_type=\"image.default\">\n\t\t\t\t<div class=\"elementor-widget-container\">\n\t\t\t\t\t\t\t\t\t\t\t\t\t\t\t<img decoding=\"async\" width=\"683\" height=\"1024\" src=\"https:\/\/terrake.fr\/wp-content\/uploads\/2025\/04\/2025-02-26-TERRAKE_Y2A4415-1-683x1024.jpg\" class=\"attachment-large size-large wp-image-5421\" alt=\"\" srcset=\"https:\/\/terrake.fr\/wp-content\/uploads\/2025\/04\/2025-02-26-TERRAKE_Y2A4415-1-683x1024.jpg 683w, https:\/\/terrake.fr\/wp-content\/uploads\/2025\/04\/2025-02-26-TERRAKE_Y2A4415-1-200x300.jpg 200w, https:\/\/terrake.fr\/wp-content\/uploads\/2025\/04\/2025-02-26-TERRAKE_Y2A4415-1-768x1152.jpg 768w, https:\/\/terrake.fr\/wp-content\/uploads\/2025\/04\/2025-02-26-TERRAKE_Y2A4415-1-1024x1536.jpg 1024w, https:\/\/terrake.fr\/wp-content\/uploads\/2025\/04\/2025-02-26-TERRAKE_Y2A4415-1-1365x2048.jpg 1365w, https:\/\/terrake.fr\/wp-content\/uploads\/2025\/04\/2025-02-26-TERRAKE_Y2A4415-1-300x450.jpg 300w, https:\/\/terrake.fr\/wp-content\/uploads\/2025\/04\/2025-02-26-TERRAKE_Y2A4415-1-600x900.jpg 600w, https:\/\/terrake.fr\/wp-content\/uploads\/2025\/04\/2025-02-26-TERRAKE_Y2A4415-1-scaled.jpg 1707w\" sizes=\"(max-width: 683px) 100vw, 683px\" \/>\t\t\t\t\t\t\t\t\t\t\t\t\t\t\t<\/div>\n\t\t\t\t<\/div>\n\t\t\t\t<\/div>\n\t\t<div class=\"elementor-element elementor-element-ce8a8e4 elementor-hidden-desktop e-flex e-con-boxed e-con e-child\" data-id=\"ce8a8e4\" data-element_type=\"container\" data-e-type=\"container\">\n\t\t\t\t\t<div class=\"e-con-inner\">\n\t\t\t\t<div class=\"elementor-element elementor-element-3a635e5 elementor-widget elementor-widget-text-editor\" data-id=\"3a635e5\" data-element_type=\"widget\" data-e-type=\"widget\" data-widget_type=\"text-editor.default\">\n\t\t\t\t<div class=\"elementor-widget-container\">\n\t\t\t\t\t\t\t\t\t<p>RITUEL D&rsquo;UTILISATION<\/p>\t\t\t\t\t\t\t\t<\/div>\n\t\t\t\t<\/div>\n\t\t\t\t<div class=\"elementor-element elementor-element-bf62b29 elementor-widget elementor-widget-text-editor\" data-id=\"bf62b29\" data-element_type=\"widget\" data-e-type=\"widget\" data-widget_type=\"text-editor.default\">\n\t\t\t\t<div class=\"elementor-widget-container\">\n\t\t\t\t\t\t\t\t\t<p>Appliquer le roll-on sur le visage, le cou ou le d\u00e9collet\u00e9 puis effectuer de l\u00e9gers lissages de l\u2019int\u00e9rieur du visage\/cou\/d\u00e9collet\u00e9, vers l\u2019ext\u00e9rieur. Ces mouvements r\u00e9p\u00e9t\u00e9s vont permettre de d\u00e9tendre les muscles du visage et de stimuler la microcirculation pour une meilleure oxyg\u00e9nation des cellules cutan\u00e9es. Veillez \u00e0 bien nettoyer le roll-on avant et apr\u00e8s chaque utilisation au savon et \u00e0 l\u2019eau claire. Pour des r\u00e9sultats visibles et durables nous vous conseillons d\u2019utiliser ce roll-on tous les jours ou tous les deux jours au moins une fois par jour. Chaque man\u0153uvre est \u00e0 r\u00e9aliser 3 \u00e0 5 fois.<\/p>\t\t\t\t\t\t\t\t<\/div>\n\t\t\t\t<\/div>\n\t\t\t\t\t<\/div>\n\t\t\t\t<\/div>\n\t\t<div class=\"elementor-element elementor-element-f47065f e-flex e-con-boxed e-con e-parent\" data-id=\"f47065f\" data-element_type=\"container\" data-e-type=\"container\">\n\t\t\t\t\t<div class=\"e-con-inner\">\n\t\t\t\t<div class=\"elementor-element elementor-element-9103072 elementor-widget elementor-widget-spacer\" data-id=\"9103072\" data-element_type=\"widget\" data-e-type=\"widget\" data-widget_type=\"spacer.default\">\n\t\t\t\t<div class=\"elementor-widget-container\">\n\t\t\t\t\t\t\t<div class=\"elementor-spacer\">\n\t\t\t<div class=\"elementor-spacer-inner\"><\/div>\n\t\t<\/div>\n\t\t\t\t\t\t<\/div>\n\t\t\t\t<\/div>\n\t\t\t\t\t<\/div>\n\t\t\t\t<\/div>\n\t\t\t\t<\/div>\n\t\t","protected":false},"excerpt":{"rendered":"<p>Rituel d&rsquo;utilisation Appliquer le roll-on sur le visage, le cou ou le d\u00e9collet\u00e9 puis effectuer de l\u00e9gers lissages de l\u2019int\u00e9rieur du visage\/cou\/d\u00e9collet\u00e9, vers l\u2019ext\u00e9rieur. Ces mouvements r\u00e9p\u00e9t\u00e9s vont permettre de d\u00e9tendre les muscles du visage et de stimuler la microcirculation pour une meilleure oxyg\u00e9nation des cellules cutan\u00e9es. Veillez \u00e0 bien nettoyer le roll-on avant et [&hellip;]<\/p>\n","protected":false},"author":1,"featured_media":0,"parent":0,"menu_order":0,"comment_status":"closed","ping_status":"closed","template":"","meta":{"footnotes":"","_links_to":"","_links_to_target":""},"class_list":["post-3713","page","type-page","status-publish","hentry"],"blocksy_meta":[],"_links":{"self":[{"href":"https:\/\/terrake.fr\/en\/wp-json\/wp\/v2\/pages\/3713","targetHints":{"allow":["GET"]}}],"collection":[{"href":"https:\/\/terrake.fr\/en\/wp-json\/wp\/v2\/pages"}],"about":[{"href":"https:\/\/terrake.fr\/en\/wp-json\/wp\/v2\/types\/page"}],"author":[{"embeddable":true,"href":"https:\/\/terrake.fr\/en\/wp-json\/wp\/v2\/users\/1"}],"replies":[{"embeddable":true,"href":"https:\/\/terrake.fr\/en\/wp-json\/wp\/v2\/comments?post=3713"}],"version-history":[{"count":13,"href":"https:\/\/terrake.fr\/en\/wp-json\/wp\/v2\/pages\/3713\/revisions"}],"predecessor-version":[{"id":7827,"href":"https:\/\/terrake.fr\/en\/wp-json\/wp\/v2\/pages\/3713\/revisions\/7827"}],"wp:attachment":[{"href":"https:\/\/terrake.fr\/en\/wp-json\/wp\/v2\/media?parent=3713"}],"curies":[{"name":"wp","href":"https:\/\/api.w.org\/{rel}","templated":true}]}}