{"id":4842,"date":"2025-05-26T15:42:26","date_gmt":"2025-05-26T15:42:26","guid":{"rendered":"https:\/\/terrake.fr\/?page_id=4842"},"modified":"2026-03-23T14:48:16","modified_gmt":"2026-03-23T14:48:16","slug":"nos-autres-partenaires-ok","status":"publish","type":"page","link":"https:\/\/terrake.fr\/en\/nos-autres-partenaires-ok\/","title":{"rendered":"Our other partners"},"content":{"rendered":"<div data-elementor-type=\"wp-page\" data-elementor-id=\"4842\" class=\"elementor elementor-4842\" data-elementor-post-type=\"page\">\n\t\t\t\t<div class=\"elementor-element elementor-element-3442962 e-flex e-con-boxed e-con e-parent\" data-id=\"3442962\" data-element_type=\"container\" data-e-type=\"container\">\n\t\t\t\t\t<div class=\"e-con-inner\">\n\t\t\t\t<div class=\"elementor-element elementor-element-80eec34 elementor-hidden-tablet elementor-hidden-mobile elementor-widget elementor-widget-heading\" data-id=\"80eec34\" data-element_type=\"widget\" data-e-type=\"widget\" data-widget_type=\"heading.default\">\n\t\t\t\t<div class=\"elementor-widget-container\">\n\t\t\t\t\t<h1 class=\"elementor-heading-title elementor-size-default\">OUR OTHER PARTNERS<\/h1>\t\t\t\t<\/div>\n\t\t\t\t<\/div>\n\t\t\t\t\t<\/div>\n\t\t\t\t<\/div>\n\t\t<div class=\"elementor-element elementor-element-2b5d71b e-flex e-con-boxed e-con e-parent\" data-id=\"2b5d71b\" data-element_type=\"container\" data-e-type=\"container\">\n\t\t\t\t\t<div class=\"e-con-inner\">\n\t\t\t\t<div class=\"elementor-element elementor-element-d8a6ae4 elementor-hidden-desktop elementor-widget elementor-widget-heading\" data-id=\"d8a6ae4\" data-element_type=\"widget\" data-e-type=\"widget\" data-widget_type=\"heading.default\">\n\t\t\t\t<div class=\"elementor-widget-container\">\n\t\t\t\t\t<h1 class=\"elementor-heading-title elementor-size-default\">Our other partners<\/h1>\t\t\t\t<\/div>\n\t\t\t\t<\/div>\n\t\t\t\t\t<\/div>\n\t\t\t\t<\/div>\n\t\t<div class=\"elementor-element elementor-element-0b13c8f e-grid e-con-boxed e-con e-parent\" data-id=\"0b13c8f\" data-element_type=\"container\" data-e-type=\"container\">\n\t\t\t\t\t<div class=\"e-con-inner\">\n\t\t<a class=\"elementor-element elementor-element-85cee69 e-con-full e-flex e-con e-child\" data-id=\"85cee69\" data-element_type=\"container\" data-e-type=\"container\" data-settings=\"{&quot;background_background&quot;:&quot;classic&quot;}\" href=\"https:\/\/linstitutdu203.wixsite.com\/pascaleweiler\" target=\"_blank\">\n\t\t<div class=\"elementor-element elementor-element-dc36efb e-grid e-con-full e-con e-child\" data-id=\"dc36efb\" data-element_type=\"container\" data-e-type=\"container\">\n\t\t\t\t<div class=\"elementor-element elementor-element-875c37b elementor-widget elementor-widget-image\" data-id=\"875c37b\" data-element_type=\"widget\" data-e-type=\"widget\" data-widget_type=\"image.default\">\n\t\t\t\t<div class=\"elementor-widget-container\">\n\t\t\t\t\t\t\t\t\t\t\t\t\t\t\t<img decoding=\"async\" src=\"https:\/\/terrake.fr\/wp-content\/uploads\/elementor\/thumbs\/Institut-du-203-rckgt7sm8o4idwf4n07on5azar48wt1ogmxef0yvg8.webp\" title=\"Institut du 203\" alt=\"Institut du 203\" loading=\"lazy\" \/>\t\t\t\t\t\t\t\t\t\t\t\t\t\t\t<\/div>\n\t\t\t\t<\/div>\n\t\t\t\t<div class=\"elementor-element elementor-element-864f2db elementor-widget elementor-widget-text-editor\" data-id=\"864f2db\" data-element_type=\"widget\" data-e-type=\"widget\" data-widget_type=\"text-editor.default\">\n\t\t\t\t<div class=\"elementor-widget-container\">\n\t\t\t\t\t\t\t\t\t<p><strong>INSTITUT DU 203<\/strong><\/p><p>203 av. du 15eme corps<br \/>83700 ST RAPHAEL<\/p><p>06 84 74 44 40<\/p><p>linstitutdu203@gmail.com<\/p>\t\t\t\t\t\t\t\t<\/div>\n\t\t\t\t<\/div>\n\t\t\t\t<\/div>\n\t\t\t\t<\/a>\n\t\t<a class=\"elementor-element elementor-element-7088221 e-con-full e-flex e-con e-child\" data-id=\"7088221\" data-element_type=\"container\" data-e-type=\"container\" data-settings=\"{&quot;background_background&quot;:&quot;classic&quot;}\" href=\"https:\/\/www.instagram.com\/centremassena.sophiea\/\" target=\"_blank\">\n\t\t<div class=\"elementor-element elementor-element-d67950d e-grid e-con-full e-con e-child\" data-id=\"d67950d\" data-element_type=\"container\" data-e-type=\"container\">\n\t\t\t\t<div class=\"elementor-element elementor-element-a265500 elementor-widget elementor-widget-image\" data-id=\"a265500\" data-element_type=\"widget\" data-e-type=\"widget\" data-widget_type=\"image.default\">\n\t\t\t\t<div class=\"elementor-widget-container\">\n\t\t\t\t\t\t\t\t\t\t\t\t\t\t\t<img decoding=\"async\" src=\"https:\/\/terrake.fr\/wp-content\/uploads\/elementor\/thumbs\/MG_2229-scaled-rckgnf4g3g6usgu8hi0i9lynf7org019ny3lvlk9tk.jpg\" title=\"Centre Massena\" alt=\"Centre Massena\" loading=\"lazy\" \/>\t\t\t\t\t\t\t\t\t\t\t\t\t\t\t<\/div>\n\t\t\t\t<\/div>\n\t\t\t\t<div class=\"elementor-element elementor-element-7fa93e1 elementor-widget elementor-widget-text-editor\" data-id=\"7fa93e1\" data-element_type=\"widget\" data-e-type=\"widget\" data-widget_type=\"text-editor.default\">\n\t\t\t\t<div class=\"elementor-widget-container\">\n\t\t\t\t\t\t\t\t\t<p><strong>CENTRE MASSENA<\/strong><\/p><p>1 place Massena<br \/>06000 NICE<\/p><p>06 62 62 10 86<\/p><p>sofyaudibert@gmail.com<\/p>\t\t\t\t\t\t\t\t<\/div>\n\t\t\t\t<\/div>\n\t\t\t\t<\/div>\n\t\t\t\t<\/a>\n\t\t<a class=\"elementor-element elementor-element-518a9c4 e-con-full e-flex e-con e-child\" data-id=\"518a9c4\" data-element_type=\"container\" data-e-type=\"container\" data-settings=\"{&quot;background_background&quot;:&quot;classic&quot;}\" href=\"https:\/\/www.planity.com\/lunique-13111-coudoux\" target=\"_blank\">\n\t\t<div class=\"elementor-element elementor-element-6d0e1e6 e-grid e-con-full e-con e-child\" data-id=\"6d0e1e6\" data-element_type=\"container\" data-e-type=\"container\">\n\t\t\t\t<div class=\"elementor-element elementor-element-d6b2b7d elementor-widget elementor-widget-image\" data-id=\"d6b2b7d\" data-element_type=\"widget\" data-e-type=\"widget\" data-widget_type=\"image.default\">\n\t\t\t\t<div class=\"elementor-widget-container\">\n\t\t\t\t\t\t\t\t\t\t\t\t\t\t\t<img decoding=\"async\" src=\"https:\/\/terrake.fr\/wp-content\/uploads\/elementor\/thumbs\/Lunique-rbu1h7cxrp6fhjkgz443tii1hz7kn6t94pr860u5ko.jpeg\" title=\"L&rsquo;unique\" alt=\"L&#039;unique\" loading=\"lazy\" \/>\t\t\t\t\t\t\t\t\t\t\t\t\t\t\t<\/div>\n\t\t\t\t<\/div>\n\t\t\t\t<div class=\"elementor-element elementor-element-403319f elementor-widget elementor-widget-text-editor\" data-id=\"403319f\" data-element_type=\"widget\" data-e-type=\"widget\" data-widget_type=\"text-editor.default\">\n\t\t\t\t<div class=\"elementor-widget-container\">\n\t\t\t\t\t\t\t\t\t<p><strong>L&rsquo;UNIQUE<\/strong><\/p><p>Place Jean Mermoz -17 av. Fr\u00e9d\u00e9ric Mistral<br \/>13111 COUDOUX<\/p><p>06 16 69 63 23<\/p><p>margauxvictorfroment@yahoo.fr<\/p>\t\t\t\t\t\t\t\t<\/div>\n\t\t\t\t<\/div>\n\t\t\t\t<\/div>\n\t\t\t\t<\/a>\n\t\t<a class=\"elementor-element elementor-element-c9e4d90 e-con-full e-flex e-con e-child\" data-id=\"c9e4d90\" data-element_type=\"container\" data-e-type=\"container\" data-settings=\"{&quot;background_background&quot;:&quot;classic&quot;}\" href=\"https:\/\/www.facebook.com\/profile.php?id=100083365567629#\" target=\"_blank\">\n\t\t<div class=\"elementor-element elementor-element-3ff3f6e e-grid e-con-full e-con e-child\" data-id=\"3ff3f6e\" data-element_type=\"container\" data-e-type=\"container\">\n\t\t\t\t<div class=\"elementor-element elementor-element-67c73b2 elementor-widget elementor-widget-image\" data-id=\"67c73b2\" data-element_type=\"widget\" data-e-type=\"widget\" data-widget_type=\"image.default\">\n\t\t\t\t<div class=\"elementor-widget-container\">\n\t\t\t\t\t\t\t\t\t\t\t\t\t\t\t<img decoding=\"async\" src=\"https:\/\/terrake.fr\/wp-content\/uploads\/elementor\/thumbs\/Institut-Bellezza-rckgznyr4qyc1l1vzakj90pu0xbwq1ndok2bydemrc.webp\" title=\"Institut Bellezza\" alt=\"Institut Bellezza\" loading=\"lazy\" \/>\t\t\t\t\t\t\t\t\t\t\t\t\t\t\t<\/div>\n\t\t\t\t<\/div>\n\t\t\t\t<div class=\"elementor-element elementor-element-39e6c0c elementor-widget elementor-widget-text-editor\" data-id=\"39e6c0c\" data-element_type=\"widget\" data-e-type=\"widget\" data-widget_type=\"text-editor.default\">\n\t\t\t\t<div class=\"elementor-widget-container\">\n\t\t\t\t\t\t\t\t\t<p><strong>INSTITUT BELLEZZA<\/strong><\/p><p>2 rond point du Beaujolais<br \/>69640 LACENAS<\/p><p>06 98 35 50 25<\/p><p>eunice_69@hotmail.com<\/p>\t\t\t\t\t\t\t\t<\/div>\n\t\t\t\t<\/div>\n\t\t\t\t<\/div>\n\t\t\t\t<\/a>\n\t\t<a class=\"elementor-element elementor-element-5c54c6c e-con-full e-flex e-con e-child\" data-id=\"5c54c6c\" data-element_type=\"container\" data-e-type=\"container\" data-settings=\"{&quot;background_background&quot;:&quot;classic&quot;}\" href=\"https:\/\/www.jolite-beaute.com\/\" target=\"_blank\">\n\t\t<div class=\"elementor-element elementor-element-6c282a8 e-grid e-con-full e-con e-child\" data-id=\"6c282a8\" data-element_type=\"container\" data-e-type=\"container\">\n\t\t\t\t<div class=\"elementor-element elementor-element-77299e8 elementor-widget elementor-widget-image\" data-id=\"77299e8\" data-element_type=\"widget\" data-e-type=\"widget\" data-widget_type=\"image.default\">\n\t\t\t\t<div class=\"elementor-widget-container\">\n\t\t\t\t\t\t\t\t\t\t\t\t\t\t\t<img decoding=\"async\" src=\"https:\/\/terrake.fr\/wp-content\/uploads\/elementor\/thumbs\/JOLITE-Expertes-Beaute-rksxa8nnxhbbhvdjsgxj2c6mv5qqpm8maqt1n6f35k.webp\" title=\"JOLIT\u00c9 Expertes Beaut\u00e9\" alt=\"JOLIT\u00c9 Expertes Beaut\u00e9\" loading=\"lazy\" \/>\t\t\t\t\t\t\t\t\t\t\t\t\t\t\t<\/div>\n\t\t\t\t<\/div>\n\t\t\t\t<div class=\"elementor-element elementor-element-f2f7add elementor-widget elementor-widget-text-editor\" data-id=\"f2f7add\" data-element_type=\"widget\" data-e-type=\"widget\" data-widget_type=\"text-editor.default\">\n\t\t\t\t<div class=\"elementor-widget-container\">\n\t\t\t\t\t\t\t\t\t<p><strong>JOLIT\u00c9 EXPERTES BEAUT\u00c9<\/strong><\/p><p>9, place Championnet<br \/>38000 GRENOBLE<\/p><p>06 26 92 15 14<br \/>04 76 27 63 98<\/p><p>julie.dona38@gmail.com<\/p>\t\t\t\t\t\t\t\t<\/div>\n\t\t\t\t<\/div>\n\t\t\t\t<\/div>\n\t\t\t\t<\/a>\n\t\t<a class=\"elementor-element elementor-element-e1cff7f e-con-full e-flex e-con e-child\" data-id=\"e1cff7f\" data-element_type=\"container\" data-e-type=\"container\" data-settings=\"{&quot;background_background&quot;:&quot;classic&quot;}\" href=\"https:\/\/www.jolite-beaute-voiron.com\/\" target=\"_blank\">\n\t\t<div class=\"elementor-element elementor-element-527dd26 e-grid e-con-full e-con e-child\" data-id=\"527dd26\" data-element_type=\"container\" data-e-type=\"container\">\n\t\t\t\t<div class=\"elementor-element elementor-element-d33596c elementor-widget elementor-widget-image\" data-id=\"d33596c\" data-element_type=\"widget\" data-e-type=\"widget\" data-widget_type=\"image.default\">\n\t\t\t\t<div class=\"elementor-widget-container\">\n\t\t\t\t\t\t\t\t\t\t\t\t\t\t\t<img decoding=\"async\" src=\"https:\/\/terrake.fr\/wp-content\/uploads\/elementor\/thumbs\/JOLITE-BEAUTE-VOIRON-rckh5rwzjzbfic6eaxn8gh7p137sr7wkispy94cibc.jpg\" title=\"JOLIT\u00c9 BEAUT\u00c9 VOIRON\" alt=\"JOLIT\u00c9 BEAUT\u00c9 VOIRON\" loading=\"lazy\" \/>\t\t\t\t\t\t\t\t\t\t\t\t\t\t\t<\/div>\n\t\t\t\t<\/div>\n\t\t\t\t<div class=\"elementor-element elementor-element-8e06e81 elementor-widget elementor-widget-text-editor\" data-id=\"8e06e81\" data-element_type=\"widget\" data-e-type=\"widget\" data-widget_type=\"text-editor.default\">\n\t\t\t\t<div class=\"elementor-widget-container\">\n\t\t\t\t\t\t\t\t\t<p><strong>JOLIT\u00c9 BEAUT\u00c9 VOIRON<\/strong><\/p><p>6 Cr Senozan<br \/>38500 VOIRON<\/p><p>04 76 66 94 58<\/p><p>julie.dona38@gmail.com<\/p>\t\t\t\t\t\t\t\t<\/div>\n\t\t\t\t<\/div>\n\t\t\t\t<\/div>\n\t\t\t\t<\/a>\n\t\t<a class=\"elementor-element elementor-element-a93c3ac e-con-full e-flex e-con e-child\" data-id=\"a93c3ac\" data-element_type=\"container\" data-e-type=\"container\" data-settings=\"{&quot;background_background&quot;:&quot;classic&quot;}\" href=\"https:\/\/www.instagram.com\/optimeyes_amiens\/\" target=\"_blank\">\n\t\t<div class=\"elementor-element elementor-element-e6d95f6 e-grid e-con-full e-con e-child\" data-id=\"e6d95f6\" data-element_type=\"container\" data-e-type=\"container\">\n\t\t\t\t<div class=\"elementor-element elementor-element-1aaa6ea elementor-widget elementor-widget-image\" data-id=\"1aaa6ea\" data-element_type=\"widget\" data-e-type=\"widget\" data-widget_type=\"image.default\">\n\t\t\t\t<div class=\"elementor-widget-container\">\n\t\t\t\t\t\t\t\t\t\t\t\t\t\t\t<img decoding=\"async\" src=\"https:\/\/terrake.fr\/wp-content\/uploads\/elementor\/thumbs\/OPTIMEYES-rkst49iph40b1p83jn4h86mypwyek6uf0fk11ssfy0.webp\" title=\"OPTIM\u2019EYES\" alt=\"OPTIM\u2019EYES\" loading=\"lazy\" \/>\t\t\t\t\t\t\t\t\t\t\t\t\t\t\t<\/div>\n\t\t\t\t<\/div>\n\t\t\t\t<div class=\"elementor-element elementor-element-419a8b7 elementor-widget elementor-widget-text-editor\" data-id=\"419a8b7\" data-element_type=\"widget\" data-e-type=\"widget\" data-widget_type=\"text-editor.default\">\n\t\t\t\t<div class=\"elementor-widget-container\">\n\t\t\t\t\t\t\t\t\t<p><strong>OPTIM&rsquo;EYES<\/strong><\/p><p>46 rue Paul Cornet<br \/>80470 SAVEUSE<\/p><p>06 59 19 97 61<\/p><p>oceane.hirondar@yahoo.fr<\/p>\t\t\t\t\t\t\t\t<\/div>\n\t\t\t\t<\/div>\n\t\t\t\t<\/div>\n\t\t\t\t<\/a>\n\t\t<a class=\"elementor-element elementor-element-f81cfef e-con-full e-flex e-con e-child\" data-id=\"f81cfef\" data-element_type=\"container\" data-e-type=\"container\" data-settings=\"{&quot;background_background&quot;:&quot;classic&quot;}\" href=\"https:\/\/www.facebook.com\/people\/salon-ma-donna\/61553897546393\/\" target=\"_blank\">\n\t\t<div class=\"elementor-element elementor-element-352732e e-grid e-con-full e-con e-child\" data-id=\"352732e\" data-element_type=\"container\" data-e-type=\"container\">\n\t\t\t\t<div class=\"elementor-element elementor-element-a73f0ed elementor-widget elementor-widget-image\" data-id=\"a73f0ed\" data-element_type=\"widget\" data-e-type=\"widget\" data-widget_type=\"image.default\">\n\t\t\t\t<div class=\"elementor-widget-container\">\n\t\t\t\t\t\t\t\t\t\t\t\t\t\t\t<img decoding=\"async\" src=\"https:\/\/terrake.fr\/wp-content\/uploads\/elementor\/thumbs\/Ma-Donna-institut-de-beaute-a-Bastia-rkst6nzuxvaoptqhioi5lktddd468cdq0bkp79881k.webp\" title=\"Ma Donna institut de beaut\u00e9 \u00e0 Bastia\" alt=\"Ma Donna institut de beaut\u00e9 \u00e0 Bastia\" loading=\"lazy\" \/>\t\t\t\t\t\t\t\t\t\t\t\t\t\t\t<\/div>\n\t\t\t\t<\/div>\n\t\t\t\t<div class=\"elementor-element elementor-element-2a790f7 elementor-widget elementor-widget-text-editor\" data-id=\"2a790f7\" data-element_type=\"widget\" data-e-type=\"widget\" data-widget_type=\"text-editor.default\">\n\t\t\t\t<div class=\"elementor-widget-container\">\n\t\t\t\t\t\t\t\t\t<p><strong>MA DONNA<\/strong><\/p><p>3 rue Posta Vecchia<br \/>20200 BASTIA<\/p><p>06 03 58 16 95<\/p><p>maayurvedic@gmail.com<\/p>\t\t\t\t\t\t\t\t<\/div>\n\t\t\t\t<\/div>\n\t\t\t\t<\/div>\n\t\t\t\t<\/a>\n\t\t<a class=\"elementor-element elementor-element-dbfe592 e-con-full e-flex e-con e-child\" data-id=\"dbfe592\" data-element_type=\"container\" data-e-type=\"container\" data-settings=\"{&quot;background_background&quot;:&quot;classic&quot;}\" href=\"https:\/\/www.planity.com\/xoxo-35400-saint-malo\" target=\"_blank\">\n\t\t<div class=\"elementor-element elementor-element-3b8be97 e-grid e-con-full e-con e-child\" data-id=\"3b8be97\" data-element_type=\"container\" data-e-type=\"container\">\n\t\t\t\t<div class=\"elementor-element elementor-element-aacd485 elementor-widget elementor-widget-image\" data-id=\"aacd485\" data-element_type=\"widget\" data-e-type=\"widget\" data-widget_type=\"image.default\">\n\t\t\t\t<div class=\"elementor-widget-container\">\n\t\t\t\t\t\t\t\t\t\t\t\t\t\t\t<img decoding=\"async\" src=\"https:\/\/terrake.fr\/wp-content\/uploads\/elementor\/thumbs\/XOXO-institut-de-beaute-a-Saint-Malo-rkst7y1y8r1qipvl1qevhr6yh8t5pigkinjhptbxko.webp\" title=\"XOXO institut de beaut\u00e9 \u00e0 Saint-Malo\" alt=\"XOXO institut de beaut\u00e9 \u00e0 Saint-Malo\" loading=\"lazy\" \/>\t\t\t\t\t\t\t\t\t\t\t\t\t\t\t<\/div>\n\t\t\t\t<\/div>\n\t\t\t\t<div class=\"elementor-element elementor-element-0a4bc20 elementor-widget elementor-widget-text-editor\" data-id=\"0a4bc20\" data-element_type=\"widget\" data-e-type=\"widget\" data-widget_type=\"text-editor.default\">\n\t\t\t\t<div class=\"elementor-widget-container\">\n\t\t\t\t\t\t\t\t\t<p><strong>XOXO<\/strong><\/p><p>42 rue Ville p\u00e9pin<br \/>35400 SAINT MALO<\/p><p>09 83 52 83 58<\/p><p>annesophielemerdy@gmail.com<\/p>\t\t\t\t\t\t\t\t<\/div>\n\t\t\t\t<\/div>\n\t\t\t\t<\/div>\n\t\t\t\t<\/a>\n\t\t<a class=\"elementor-element elementor-element-10c865b e-con-full e-flex e-con e-child\" data-id=\"10c865b\" data-element_type=\"container\" data-e-type=\"container\" data-settings=\"{&quot;background_background&quot;:&quot;classic&quot;}\" href=\"https:\/\/www.epure-esthetique-massage.com\/\" target=\"_blank\">\n\t\t<div class=\"elementor-element elementor-element-a5b5c6c e-grid e-con-full e-con e-child\" data-id=\"a5b5c6c\" data-element_type=\"container\" data-e-type=\"container\">\n\t\t\t\t<div class=\"elementor-element elementor-element-713bdd8 elementor-widget elementor-widget-image\" data-id=\"713bdd8\" data-element_type=\"widget\" data-e-type=\"widget\" data-widget_type=\"image.default\">\n\t\t\t\t<div class=\"elementor-widget-container\">\n\t\t\t\t\t\t\t\t\t\t\t\t\t\t\t<img decoding=\"async\" src=\"https:\/\/terrake.fr\/wp-content\/uploads\/elementor\/thumbs\/E.PURE-ESTHETIQUE-institut-de-beaute-a-Dreux-rkstjp1bo74rn8t6ft8znsgdsmwbxb3s4t3zobwrso.webp\" title=\"\u00ca..PURE ESTHETIQUE institut de beaut\u00e9 \u00e0 Dreux\" alt=\"\u00ca..PURE ESTHETIQUE institut de beaut\u00e9 \u00e0 Dreux\" loading=\"lazy\" \/>\t\t\t\t\t\t\t\t\t\t\t\t\t\t\t<\/div>\n\t\t\t\t<\/div>\n\t\t\t\t<div class=\"elementor-element elementor-element-71f7754 elementor-widget elementor-widget-text-editor\" data-id=\"71f7754\" data-element_type=\"widget\" data-e-type=\"widget\" data-widget_type=\"text-editor.default\">\n\t\t\t\t<div class=\"elementor-widget-container\">\n\t\t\t\t\t\t\t\t\t<p><strong>\u00ca..PURE ESTHETIQUE<\/strong><\/p><p>22 bis rue des Livraindi\u00e8re<br \/>28100 DREUX<\/p><p>06 17 99 05 44<\/p><p>bienetrepure@gmail.com<\/p>\t\t\t\t\t\t\t\t<\/div>\n\t\t\t\t<\/div>\n\t\t\t\t<\/div>\n\t\t\t\t<\/a>\n\t\t<a class=\"elementor-element elementor-element-53f739d e-con-full e-flex e-con e-child\" data-id=\"53f739d\" data-element_type=\"container\" data-e-type=\"container\" data-settings=\"{&quot;background_background&quot;:&quot;classic&quot;}\" href=\"https:\/\/www.institut.clisson.marycohr.com\/\" target=\"_blank\">\n\t\t<div class=\"elementor-element elementor-element-feadc1f e-grid e-con-full e-con e-child\" data-id=\"feadc1f\" data-element_type=\"container\" data-e-type=\"container\">\n\t\t\t\t<div class=\"elementor-element elementor-element-8017325 elementor-widget elementor-widget-image\" data-id=\"8017325\" data-element_type=\"widget\" data-e-type=\"widget\" data-widget_type=\"image.default\">\n\t\t\t\t<div class=\"elementor-widget-container\">\n\t\t\t\t\t\t\t\t\t\t\t\t\t\t\t<img decoding=\"async\" src=\"https:\/\/terrake.fr\/wp-content\/uploads\/elementor\/thumbs\/Institut-de-la-Villa-Romaine-rkswxnlgfc341tnna13coiigjfrtni9zwgd0bt2ugo.webp\" title=\"Institut de la Villa Romaine\" alt=\"Institut de la Villa Romaine\" loading=\"lazy\" \/>\t\t\t\t\t\t\t\t\t\t\t\t\t\t\t<\/div>\n\t\t\t\t<\/div>\n\t\t\t\t<div class=\"elementor-element elementor-element-b44b059 elementor-widget elementor-widget-text-editor\" data-id=\"b44b059\" data-element_type=\"widget\" data-e-type=\"widget\" data-widget_type=\"text-editor.default\">\n\t\t\t\t<div class=\"elementor-widget-container\">\n\t\t\t\t\t\t\t\t\t<p><strong>INSTITUT VILLA ROMAINE<\/strong><\/p><p>38, rue de la Coll\u00e9giale<br \/>44190 CLISSON<\/p><p>02 40 36 08 58<\/p><p>alavillaromaine@gmail.com<\/p>\t\t\t\t\t\t\t\t<\/div>\n\t\t\t\t<\/div>\n\t\t\t\t<\/div>\n\t\t\t\t<\/a>\n\t\t<a class=\"elementor-element elementor-element-112b992 e-con-full e-flex e-con e-child\" data-id=\"112b992\" data-element_type=\"container\" data-e-type=\"container\" data-settings=\"{&quot;background_background&quot;:&quot;classic&quot;}\" href=\"https:\/\/holifitness-ci.com\/\" target=\"_blank\">\n\t\t<div class=\"elementor-element elementor-element-85940ec e-grid e-con-full e-con e-child\" data-id=\"85940ec\" data-element_type=\"container\" data-e-type=\"container\">\n\t\t\t\t<div class=\"elementor-element elementor-element-767419c elementor-widget elementor-widget-image\" data-id=\"767419c\" data-element_type=\"widget\" data-e-type=\"widget\" data-widget_type=\"image.default\">\n\t\t\t\t<div class=\"elementor-widget-container\">\n\t\t\t\t\t\t\t\t\t\t\t\t\t\t\t<img decoding=\"async\" src=\"https:\/\/terrake.fr\/wp-content\/uploads\/elementor\/thumbs\/HOLIFITNESS-rckijld1rviiubtbegvelwn6g9o4ppofddgdx2hcjc.jpg\" title=\"HOLIFITNESS\" alt=\"HOLIFITNESS\" loading=\"lazy\" \/>\t\t\t\t\t\t\t\t\t\t\t\t\t\t\t<\/div>\n\t\t\t\t<\/div>\n\t\t\t\t<div class=\"elementor-element elementor-element-490edb7 elementor-widget elementor-widget-text-editor\" data-id=\"490edb7\" data-element_type=\"widget\" data-e-type=\"widget\" data-widget_type=\"text-editor.default\">\n\t\t\t\t<div class=\"elementor-widget-container\">\n\t\t\t\t\t\t\t\t\t<p><strong>HOLIFITNESS<\/strong><\/p><p>30 BP 216<br \/>ABIDJAN &#8211; COTE D&rsquo;IVOIRE<\/p>\t\t\t\t\t\t\t\t<\/div>\n\t\t\t\t<\/div>\n\t\t\t\t<\/div>\n\t\t\t\t<\/a>\n\t\t<a class=\"elementor-element elementor-element-586aee8 e-con-full e-flex e-con e-child\" data-id=\"586aee8\" data-element_type=\"container\" data-e-type=\"container\" data-settings=\"{&quot;background_background&quot;:&quot;classic&quot;}\" href=\"https:\/\/www.instagram.com\/optimeyes_amiens\/\" target=\"_blank\">\n\t\t<div class=\"elementor-element elementor-element-56ec478 e-grid e-con-full e-con e-child\" data-id=\"56ec478\" data-element_type=\"container\" data-e-type=\"container\">\n\t\t\t\t<div class=\"elementor-element elementor-element-3bf60de elementor-widget elementor-widget-image\" data-id=\"3bf60de\" data-element_type=\"widget\" data-e-type=\"widget\" data-widget_type=\"image.default\">\n\t\t\t\t<div class=\"elementor-widget-container\">\n\t\t\t\t\t\t\t\t\t\t\t\t\t\t\t<img decoding=\"async\" src=\"https:\/\/terrake.fr\/wp-content\/uploads\/elementor\/thumbs\/2025_Bon_march_4_-rkxpn1262r7aryko6ivqckxpp74llmtkpljv2qilko.webp\" title=\"2025_Bon_march_4_\" alt=\"2025_Bon_march_4_\" loading=\"lazy\" \/>\t\t\t\t\t\t\t\t\t\t\t\t\t\t\t<\/div>\n\t\t\t\t<\/div>\n\t\t\t\t<div class=\"elementor-element elementor-element-b1d18c9 elementor-widget elementor-widget-text-editor\" data-id=\"b1d18c9\" data-element_type=\"widget\" data-e-type=\"widget\" data-widget_type=\"text-editor.default\">\n\t\t\t\t<div class=\"elementor-widget-container\">\n\t\t\t\t\t\t\t\t\t<p><strong>V &amp; V<\/strong><\/p><p>1, avenue de Saint Cloud<br \/>78000 VERSAILLES<\/p><p>09 67 54 55 83<\/p>\t\t\t\t\t\t\t\t<\/div>\n\t\t\t\t<\/div>\n\t\t\t\t<\/div>\n\t\t\t\t<\/a>\n\t\t\t\t\t<\/div>\n\t\t\t\t<\/div>\n\t\t<div class=\"elementor-element elementor-element-3c58617 e-flex e-con-boxed e-con e-parent\" data-id=\"3c58617\" data-element_type=\"container\" data-e-type=\"container\">\n\t\t\t\t\t<div class=\"e-con-inner\">\n\t\t\t\t<div class=\"elementor-element elementor-element-aae20e3 elementor-widget elementor-widget-spacer\" data-id=\"aae20e3\" data-element_type=\"widget\" data-e-type=\"widget\" data-widget_type=\"spacer.default\">\n\t\t\t\t<div class=\"elementor-widget-container\">\n\t\t\t\t\t\t\t<div class=\"elementor-spacer\">\n\t\t\t<div class=\"elementor-spacer-inner\"><\/div>\n\t\t<\/div>\n\t\t\t\t\t\t<\/div>\n\t\t\t\t<\/div>\n\t\t\t\t\t<\/div>\n\t\t\t\t<\/div>\n\t\t\t\t<\/div>","protected":false},"excerpt":{"rendered":"<p>NOS AUTRES PARTENAIRES Nos autres partenaires INSTITUT DU 203 203 av. du 15eme corps83700 ST RAPHAEL 06 84 74 44 40 linstitutdu203@gmail.com CENTRE MASSENA 1 place Massena06000 NICE 06 62 62 10 86 sofyaudibert@gmail.com L&rsquo;UNIQUE Place Jean Mermoz -17 av. Fr\u00e9d\u00e9ric Mistral13111 COUDOUX 06 16 69 63 23 margauxvictorfroment@yahoo.fr INSTITUT BELLEZZA 2 rond point du [&hellip;]<\/p>\n","protected":false},"author":1,"featured_media":0,"parent":0,"menu_order":0,"comment_status":"closed","ping_status":"closed","template":"","meta":{"footnotes":"","_links_to":"","_links_to_target":""},"class_list":["post-4842","page","type-page","status-publish","hentry"],"blocksy_meta":[],"_links":{"self":[{"href":"https:\/\/terrake.fr\/en\/wp-json\/wp\/v2\/pages\/4842","targetHints":{"allow":["GET"]}}],"collection":[{"href":"https:\/\/terrake.fr\/en\/wp-json\/wp\/v2\/pages"}],"about":[{"href":"https:\/\/terrake.fr\/en\/wp-json\/wp\/v2\/types\/page"}],"author":[{"embeddable":true,"href":"https:\/\/terrake.fr\/en\/wp-json\/wp\/v2\/users\/1"}],"replies":[{"embeddable":true,"href":"https:\/\/terrake.fr\/en\/wp-json\/wp\/v2\/comments?post=4842"}],"version-history":[{"count":95,"href":"https:\/\/terrake.fr\/en\/wp-json\/wp\/v2\/pages\/4842\/revisions"}],"predecessor-version":[{"id":8256,"href":"https:\/\/terrake.fr\/en\/wp-json\/wp\/v2\/pages\/4842\/revisions\/8256"}],"wp:attachment":[{"href":"https:\/\/terrake.fr\/en\/wp-json\/wp\/v2\/media?parent=4842"}],"curies":[{"name":"wp","href":"https:\/\/api.w.org\/{rel}","templated":true}]}}