{"id":7698,"date":"2025-09-10T13:40:59","date_gmt":"2025-09-10T13:40:59","guid":{"rendered":"https:\/\/terrake.fr\/?post_type=product&#038;p=7698"},"modified":"2025-09-22T08:28:53","modified_gmt":"2025-09-22T08:28:53","slug":"tote-bag-special-octobre-rose","status":"publish","type":"product","link":"https:\/\/terrake.fr\/en\/product\/tote-bag-special-octobre-rose\/","title":{"rendered":"Tote Bag Sp\u00e9cial Octobre Rose"},"content":{"rendered":"","protected":false},"excerpt":{"rendered":"<p>TERRAKE S\u2019ENGAGE POUR OCTOBRE ROSE !<\/p>\n<p>TERRAK\u00c9 a fait le choix de s\u2019engager pour Octobre Rose ! Pour l\u2019occasion un tote-bag au visuel sign\u00e9 octobre rose sera produit en \u00e9dition limit\u00e9e. Les b\u00e9n\u00e9fices li\u00e9s \u00e0 ses ventes seront revers\u00e9s \u00e0 la fondation ARC pour la recherche sur le cancer.<\/p>","protected":false},"featured_media":7699,"comment_status":"open","ping_status":"closed","template":"","meta":{"_links_to":"","_links_to_target":""},"product_brand":[],"product_cat":[15],"product_tag":[],"class_list":{"0":"post-7698","1":"product","2":"type-product","3":"status-publish","4":"has-post-thumbnail","6":"product_cat-uncategorized","8":"first","9":"instock","10":"taxable","11":"shipping-taxable","12":"purchasable","13":"product-type-simple"},"_links":{"self":[{"href":"https:\/\/terrake.fr\/en\/wp-json\/wp\/v2\/product\/7698","targetHints":{"allow":["GET"]}}],"collection":[{"href":"https:\/\/terrake.fr\/en\/wp-json\/wp\/v2\/product"}],"about":[{"href":"https:\/\/terrake.fr\/en\/wp-json\/wp\/v2\/types\/product"}],"replies":[{"embeddable":true,"href":"https:\/\/terrake.fr\/en\/wp-json\/wp\/v2\/comments?post=7698"}],"wp:featuredmedia":[{"embeddable":true,"href":"https:\/\/terrake.fr\/en\/wp-json\/wp\/v2\/media\/7699"}],"wp:attachment":[{"href":"https:\/\/terrake.fr\/en\/wp-json\/wp\/v2\/media?parent=7698"}],"wp:term":[{"taxonomy":"product_brand","embeddable":true,"href":"https:\/\/terrake.fr\/en\/wp-json\/wp\/v2\/product_brand?post=7698"},{"taxonomy":"product_cat","embeddable":true,"href":"https:\/\/terrake.fr\/en\/wp-json\/wp\/v2\/product_cat?post=7698"},{"taxonomy":"product_tag","embeddable":true,"href":"https:\/\/terrake.fr\/en\/wp-json\/wp\/v2\/product_tag?post=7698"}],"curies":[{"name":"wp","href":"https:\/\/api.w.org\/{rel}","templated":true}]}}